{"id":46344,"date":"2026-04-21T00:32:05","date_gmt":"2026-04-21T00:32:05","guid":{"rendered":"https:\/\/singuli.wpress.me\/index.php\/proizvod\/barbie-balerina\/"},"modified":"2026-04-21T00:32:05","modified_gmt":"2026-04-21T00:32:05","slug":"barbie-balerina","status":"publish","type":"product","link":"https:\/\/singuli.wpress.me\/index.php\/proizvod\/barbie-balerina\/","title":{"rendered":"BARBIE, balerina"},"content":{"rendered":"<p>Ove Barbie lutke odjevene su da ple\u0161u cijeli dan u kostimima balerine.<\/p>\n<p>Bilo da graciozno ple\u0161u ili izvode piruete na pozornici, spremne su za zapo\u010deti zabavu!<\/p>\n<p>Svaka Barbie balerina nosi prsluk s detaljima i tutu koja se mo\u017ee mijenjati.<\/p>\n<p>Tijare i baletne cipelice upotpunjuju izgled balerine.<\/p>\n<p>Sa svojim prekrasnim repi\u0107ima i rukama u plesnoj pozi, ove plesa\u010dice ne\u0107e proma\u0161iti niti jedan plesni korak.<\/p>\n<p>Uklju\u010duje lutku, tutu koja se mo\u017ee skinuti i tijaru.<\/p>\n<p>Lutka ne mo\u017ee stajati samostalno.<\/p>\n<p>Boje i dekoracije mogu varirati.<\/p>\n<p>Dob: 3+ godina<\/p>\n<p>Igra\u010dka dolazi u vi\u0161e razli\u010ditih modela, a isporuka ovisi o njihovoj trenutnoj raspolo\u017eivosti. <\/p>\n","protected":false},"excerpt":{"rendered":"<p>Svaka Barbie balerina nosi prsluk s detaljima<br \/>\nTijare i baletne cipelice upotpunjuju izgled balerine<br \/>\nDob: 3+ god<\/p>\n","protected":false},"featured_media":46345,"template":"","meta":{"_seopress_robots_primary_cat":"","_seopress_titles_title":"","_seopress_titles_desc":"","_seopress_robots_index":"","iawp_total_views":0},"product_brand":[324],"product_cat":[221,291],"product_tag":[],"class_list":{"0":"post-46344","1":"product","2":"type-product","3":"status-publish","4":"has-post-thumbnail","6":"product_brand-barbie","7":"product_cat-igracke","8":"product_cat-igracke-za-djecu-221","10":"first","11":"instock","12":"shipping-taxable","13":"purchasable","14":"product-type-simple"},"_links":{"self":[{"href":"https:\/\/singuli.wpress.me\/index.php\/wp-json\/wp\/v2\/product\/46344","targetHints":{"allow":["GET"]}}],"collection":[{"href":"https:\/\/singuli.wpress.me\/index.php\/wp-json\/wp\/v2\/product"}],"about":[{"href":"https:\/\/singuli.wpress.me\/index.php\/wp-json\/wp\/v2\/types\/product"}],"version-history":[{"count":0,"href":"https:\/\/singuli.wpress.me\/index.php\/wp-json\/wp\/v2\/product\/46344\/revisions"}],"wp:featuredmedia":[{"embeddable":true,"href":"https:\/\/singuli.wpress.me\/index.php\/wp-json\/wp\/v2\/media\/46345"}],"wp:attachment":[{"href":"https:\/\/singuli.wpress.me\/index.php\/wp-json\/wp\/v2\/media?parent=46344"}],"wp:term":[{"taxonomy":"product_brand","embeddable":true,"href":"https:\/\/singuli.wpress.me\/index.php\/wp-json\/wp\/v2\/product_brand?post=46344"},{"taxonomy":"product_cat","embeddable":true,"href":"https:\/\/singuli.wpress.me\/index.php\/wp-json\/wp\/v2\/product_cat?post=46344"},{"taxonomy":"product_tag","embeddable":true,"href":"https:\/\/singuli.wpress.me\/index.php\/wp-json\/wp\/v2\/product_tag?post=46344"}],"curies":[{"name":"wp","href":"https:\/\/api.w.org\/{rel}","templated":true}]}}