{"id":46350,"date":"2026-04-21T00:32:07","date_gmt":"2026-04-21T00:32:07","guid":{"rendered":"https:\/\/singuli.wpress.me\/index.php\/proizvod\/barbie-ken-lutka-princ\/"},"modified":"2026-04-21T00:32:07","modified_gmt":"2026-04-21T00:32:07","slug":"barbie-ken-lutka-princ","status":"publish","type":"product","link":"https:\/\/singuli.wpress.me\/index.php\/proizvod\/barbie-ken-lutka-princ\/","title":{"rendered":"BARBIE Ken, lutka, princ"},"content":{"rendered":"<p>Ova kraljevska Ken lutka potje\u010de iz \u010darobnog Barbie carstva, \u0161to ju \u010dini izvrsnim darom za ljubitelje bajki od 3+ godina!<\/p>\n<p>Princ Ken dolazi odjeven kao plemi\u0107 s krunom na glavi i ljubi\u010dastim \u010dizmama za jahanje. Upe\u010datljiva srebrna kruna i plave tajice upotpunjuju njegov kraljevski komplet.<\/p>\n<p>Princ Ken izvrstan je dodatak svakoj Barbie kolekciji. Djeca mogu pro\u0161iriti svoj Barbie svijet za jo\u0161 kreativniju i veseliju zabavu!<\/p>\n<p>Pakiranje uklju\u010duje: 1 Ken lutku, odje\u0107u, \u010dizme i krunu.<\/p>\n","protected":false},"excerpt":{"rendered":"<p>Potje\u010de iz \u010darobnog Barbie carstva<br \/>\nIzvrstan je dodatak svakoj Barbie kolekciji<br \/>\nPakiranje uklju\u010duje: 1 Ken lutku, odje\u0107u, \u010dizme i krunu<\/p>\n","protected":false},"featured_media":46351,"template":"","meta":{"_seopress_robots_primary_cat":"","_seopress_titles_title":"","_seopress_titles_desc":"","_seopress_robots_index":"","iawp_total_views":0},"product_brand":[324],"product_cat":[221,291],"product_tag":[],"class_list":{"0":"post-46350","1":"product","2":"type-product","3":"status-publish","4":"has-post-thumbnail","6":"product_brand-barbie","7":"product_cat-igracke","8":"product_cat-igracke-za-djecu-221","10":"first","11":"outofstock","12":"shipping-taxable","13":"purchasable","14":"product-type-simple"},"_links":{"self":[{"href":"https:\/\/singuli.wpress.me\/index.php\/wp-json\/wp\/v2\/product\/46350","targetHints":{"allow":["GET"]}}],"collection":[{"href":"https:\/\/singuli.wpress.me\/index.php\/wp-json\/wp\/v2\/product"}],"about":[{"href":"https:\/\/singuli.wpress.me\/index.php\/wp-json\/wp\/v2\/types\/product"}],"version-history":[{"count":0,"href":"https:\/\/singuli.wpress.me\/index.php\/wp-json\/wp\/v2\/product\/46350\/revisions"}],"wp:featuredmedia":[{"embeddable":true,"href":"https:\/\/singuli.wpress.me\/index.php\/wp-json\/wp\/v2\/media\/46351"}],"wp:attachment":[{"href":"https:\/\/singuli.wpress.me\/index.php\/wp-json\/wp\/v2\/media?parent=46350"}],"wp:term":[{"taxonomy":"product_brand","embeddable":true,"href":"https:\/\/singuli.wpress.me\/index.php\/wp-json\/wp\/v2\/product_brand?post=46350"},{"taxonomy":"product_cat","embeddable":true,"href":"https:\/\/singuli.wpress.me\/index.php\/wp-json\/wp\/v2\/product_cat?post=46350"},{"taxonomy":"product_tag","embeddable":true,"href":"https:\/\/singuli.wpress.me\/index.php\/wp-json\/wp\/v2\/product_tag?post=46350"}],"curies":[{"name":"wp","href":"https:\/\/api.w.org\/{rel}","templated":true}]}}