{"id":46354,"date":"2026-04-21T00:32:08","date_gmt":"2026-04-21T00:32:08","guid":{"rendered":"https:\/\/singuli.wpress.me\/index.php\/proizvod\/fisher-price-vidrica-za-spavanje-i-umirivanje\/"},"modified":"2026-04-21T00:32:08","modified_gmt":"2026-04-21T00:32:08","slug":"fisher-price-vidrica-za-spavanje-i-umirivanje","status":"publish","type":"product","link":"https:\/\/singuli.wpress.me\/index.php\/proizvod\/fisher-price-vidrica-za-spavanje-i-umirivanje\/","title":{"rendered":"FISHER PRICE, vidrica za spavanje i umirivanje"},"content":{"rendered":"<p>Ovaj poseban pli\u0161 poma\u017ee umiriti dijete.<\/p>\n<p>Njegov trbuh pomi\u010de se u ritmi\u010dkim pokretima koji imitiraju disanje. 11 senzora uklju\u010duje aktivnost\u00a0 dijete s osjetima vida, sluha i dodira. 30 minuta glazbe i zvukova, mogu\u0107nost namje\u0161tanja ja\u010dine zvuka i nje\u017enih svjetala. Mekanog materijala.<\/p>\n<p>Perivo u perilici nakon uklanjanja elektri\u010dnih dijelova.<\/p>\n","protected":false},"excerpt":{"rendered":"<p>30 minuta glazbe i zvukova<br \/>\nmogu\u0107nost namje\u0161tanja ja\u010dine zvuka i nje\u017enih svjetala<br \/>\nMekani materijal<\/p>\n","protected":false},"featured_media":46355,"template":"","meta":{"_seopress_robots_primary_cat":"","_seopress_titles_title":"","_seopress_titles_desc":"","_seopress_robots_index":"","iawp_total_views":0},"product_brand":[458],"product_cat":[221,291],"product_tag":[],"class_list":{"0":"post-46354","1":"product","2":"type-product","3":"status-publish","4":"has-post-thumbnail","6":"product_brand-fisher-price","7":"product_cat-igracke","8":"product_cat-igracke-za-djecu-221","10":"first","11":"instock","12":"shipping-taxable","13":"purchasable","14":"product-type-simple"},"_links":{"self":[{"href":"https:\/\/singuli.wpress.me\/index.php\/wp-json\/wp\/v2\/product\/46354","targetHints":{"allow":["GET"]}}],"collection":[{"href":"https:\/\/singuli.wpress.me\/index.php\/wp-json\/wp\/v2\/product"}],"about":[{"href":"https:\/\/singuli.wpress.me\/index.php\/wp-json\/wp\/v2\/types\/product"}],"version-history":[{"count":0,"href":"https:\/\/singuli.wpress.me\/index.php\/wp-json\/wp\/v2\/product\/46354\/revisions"}],"wp:featuredmedia":[{"embeddable":true,"href":"https:\/\/singuli.wpress.me\/index.php\/wp-json\/wp\/v2\/media\/46355"}],"wp:attachment":[{"href":"https:\/\/singuli.wpress.me\/index.php\/wp-json\/wp\/v2\/media?parent=46354"}],"wp:term":[{"taxonomy":"product_brand","embeddable":true,"href":"https:\/\/singuli.wpress.me\/index.php\/wp-json\/wp\/v2\/product_brand?post=46354"},{"taxonomy":"product_cat","embeddable":true,"href":"https:\/\/singuli.wpress.me\/index.php\/wp-json\/wp\/v2\/product_cat?post=46354"},{"taxonomy":"product_tag","embeddable":true,"href":"https:\/\/singuli.wpress.me\/index.php\/wp-json\/wp\/v2\/product_tag?post=46354"}],"curies":[{"name":"wp","href":"https:\/\/api.w.org\/{rel}","templated":true}]}}