{"id":46362,"date":"2026-04-21T00:32:13","date_gmt":"2026-04-21T00:32:13","guid":{"rendered":"https:\/\/singuli.wpress.me\/index.php\/proizvod\/thomasfriends-lokomotiva-mala-i-metalna\/"},"modified":"2026-04-23T00:28:10","modified_gmt":"2026-04-23T00:28:10","slug":"thomasfriends-lokomotiva-mala-i-metalna","status":"publish","type":"product","link":"https:\/\/singuli.wpress.me\/proizvod\/thomasfriends-lokomotiva-mala-i-metalna\/","title":{"rendered":"THOMAS&amp;FRIENDS, lokomotiva, mala i metalna"},"content":{"rendered":"<p>Malene vlakovo\u0111e o\u010dekuju uzbudljive pustolovine s novim metalnim Thomas&amp;Friends vlaki\u0107ima.<br \/>\nLikovi iz popularnog crti\u0107a Tomica i prijatelji vode djecu na uzbudljivo putovanje. Iako se igra vlaki\u0107ima mo\u017ee \u010diniti jednostavnom u odnosu na visoko tehnolo\u0161ke igra\u010dke, vlakovi su zapravo jedna od igra\u010daka koje najvi\u0161e poti\u010du razvoj djece.<br \/>\nZbog interaktivnog na\u010dina igre, dok se igraju s njima, djeca postaju vlakovo\u0111e vlastitog svijeta kojeg mogu kontrolirati i mijenjati.<\/p>\n","protected":false},"excerpt":{"rendered":"<p>Likovi iz popularnog crti\u0107a Tomica i prijatelji<br \/>\nVlakovi najvi\u0161e poti\u010du razvoj djece<br \/>\nPoti\u0107e razvoj ma\u0161te<\/p>\n","protected":false},"featured_media":46363,"template":"","meta":{"_seopress_robots_primary_cat":"","_seopress_titles_title":"","_seopress_titles_desc":"","_seopress_robots_index":"","iawp_total_views":0},"product_brand":[773],"product_cat":[243,273],"product_tag":[],"class_list":{"0":"post-46362","1":"product","2":"type-product","3":"status-publish","4":"has-post-thumbnail","6":"product_brand-thomasfriends","7":"product_cat-automobili-i-motori","8":"product_cat-njega-vozila-243","10":"first","11":"instock","12":"shipping-taxable","13":"purchasable","14":"product-type-simple"},"_links":{"self":[{"href":"https:\/\/singuli.wpress.me\/wp-json\/wp\/v2\/product\/46362","targetHints":{"allow":["GET"]}}],"collection":[{"href":"https:\/\/singuli.wpress.me\/wp-json\/wp\/v2\/product"}],"about":[{"href":"https:\/\/singuli.wpress.me\/wp-json\/wp\/v2\/types\/product"}],"version-history":[{"count":1,"href":"https:\/\/singuli.wpress.me\/wp-json\/wp\/v2\/product\/46362\/revisions"}],"predecessor-version":[{"id":49338,"href":"https:\/\/singuli.wpress.me\/wp-json\/wp\/v2\/product\/46362\/revisions\/49338"}],"wp:featuredmedia":[{"embeddable":true,"href":"https:\/\/singuli.wpress.me\/wp-json\/wp\/v2\/media\/46363"}],"wp:attachment":[{"href":"https:\/\/singuli.wpress.me\/wp-json\/wp\/v2\/media?parent=46362"}],"wp:term":[{"taxonomy":"product_brand","embeddable":true,"href":"https:\/\/singuli.wpress.me\/wp-json\/wp\/v2\/product_brand?post=46362"},{"taxonomy":"product_cat","embeddable":true,"href":"https:\/\/singuli.wpress.me\/wp-json\/wp\/v2\/product_cat?post=46362"},{"taxonomy":"product_tag","embeddable":true,"href":"https:\/\/singuli.wpress.me\/wp-json\/wp\/v2\/product_tag?post=46362"}],"curies":[{"name":"wp","href":"https:\/\/api.w.org\/{rel}","templated":true}]}}