{"id":46395,"date":"2026-04-21T00:32:27","date_gmt":"2026-04-21T00:32:27","guid":{"rendered":"https:\/\/singuli.wpress.me\/index.php\/proizvod\/superzings-mini-ruksak-27cm\/"},"modified":"2026-04-23T00:28:10","modified_gmt":"2026-04-23T00:28:10","slug":"superzings-mini-ruksak-27cm","status":"publish","type":"product","link":"https:\/\/singuli.wpress.me\/proizvod\/superzings-mini-ruksak-27cm\/","title":{"rendered":"SUPERZINGS, mini ruksak, 27cm"},"content":{"rendered":"<p>Ruksak s temom va\u0161ih omiljenih super heroja i super zlikovaca Super Zings Rivals of Kaboom, koji \u0107e va\u0161em mali\u0161anu izmamiti osmijeh na lice i natjerati ga da pro\u0161eta do vrti\u0107a radosnim korakom.<\/p>\n<p>Ruksak je izra\u0111en od visokokvalitetnih materijala.<\/p>\n<p>Proizvod ima unutarnji pretinac koji se zakop\u010dava patentnim zatvara\u010dem jednostavnim za upotrebu.<\/p>\n<p>Ruksak je opremljen ru\u010dkom koja vam omogu\u0107uje da ga objesite na \u0161kolsku klupu ili ga nosite u ruci.<\/p>\n<p>Meke i podesive naramenice mogu se brzo i u\u010dinkovito prilagoditi individualnim potrebama malog djeteta.<\/p>\n<p>Dimenzije ruksaka su 220 x 100 x 270 mm.<\/p>\n","protected":false},"excerpt":{"rendered":"<p>Tema dje\u010djih omiljenih super heroja i super zlikovaca Super Zings Rivals of Kaboom<br \/>\nRuksak je izra\u0111en od visokokvalitetnih materijala<br \/>\nDimenzije ruksaka su 220 x 100 x 270 mm<\/p>\n","protected":false},"featured_media":46396,"template":"","meta":{"_seopress_robots_primary_cat":"","_seopress_titles_title":"","_seopress_titles_desc":"","_seopress_robots_index":"","iawp_total_views":0},"product_brand":[385],"product_cat":[274,238],"product_tag":[],"class_list":{"0":"post-46395","1":"product","2":"type-product","3":"status-publish","4":"has-post-thumbnail","6":"product_brand-superzings","7":"product_cat-kucanski-pribor-238","8":"product_cat-sve-za-dom","10":"first","11":"instock","12":"shipping-taxable","13":"purchasable","14":"product-type-simple"},"_links":{"self":[{"href":"https:\/\/singuli.wpress.me\/wp-json\/wp\/v2\/product\/46395","targetHints":{"allow":["GET"]}}],"collection":[{"href":"https:\/\/singuli.wpress.me\/wp-json\/wp\/v2\/product"}],"about":[{"href":"https:\/\/singuli.wpress.me\/wp-json\/wp\/v2\/types\/product"}],"version-history":[{"count":0,"href":"https:\/\/singuli.wpress.me\/wp-json\/wp\/v2\/product\/46395\/revisions"}],"wp:featuredmedia":[{"embeddable":true,"href":"https:\/\/singuli.wpress.me\/wp-json\/wp\/v2\/media\/46396"}],"wp:attachment":[{"href":"https:\/\/singuli.wpress.me\/wp-json\/wp\/v2\/media?parent=46395"}],"wp:term":[{"taxonomy":"product_brand","embeddable":true,"href":"https:\/\/singuli.wpress.me\/wp-json\/wp\/v2\/product_brand?post=46395"},{"taxonomy":"product_cat","embeddable":true,"href":"https:\/\/singuli.wpress.me\/wp-json\/wp\/v2\/product_cat?post=46395"},{"taxonomy":"product_tag","embeddable":true,"href":"https:\/\/singuli.wpress.me\/wp-json\/wp\/v2\/product_tag?post=46395"}],"curies":[{"name":"wp","href":"https:\/\/api.w.org\/{rel}","templated":true}]}}