{"id":46400,"date":"2026-04-21T00:32:29","date_gmt":"2026-04-21T00:32:29","guid":{"rendered":"https:\/\/singuli.wpress.me\/index.php\/proizvod\/hot-wheels-veliki-kamion-za-lansiranje\/"},"modified":"2026-04-21T00:32:29","modified_gmt":"2026-04-21T00:32:29","slug":"hot-wheels-veliki-kamion-za-lansiranje","status":"publish","type":"product","link":"https:\/\/singuli.wpress.me\/index.php\/proizvod\/hot-wheels-veliki-kamion-za-lansiranje\/","title":{"rendered":"HOT WHEELS, veliki kamion za lansiranje"},"content":{"rendered":"<p>U ovom velikom Hot Wheels kamionu djeca mogu spremiti svoje auti\u0107e, ali ih lansirati u akciju. Unutar kamiona se nalazi dio za lansiranje auti\u0107a. U kamion stane do 14 Hot Wheels auti\u0107a. Djeca mogu ponijeti ovaj kamion gdje god \u017eele.<\/p>\n<p>Uz kamion dolaze 3 Hot Wheels auti\u0107a kako bi igra mogla odmah krenuti.<\/p>\n","protected":false},"excerpt":{"rendered":"<p>Uklju\u010duje 3 Hot Wheels auti\u0107a<br \/>\nU kamion stane do 14 Hot Wheels auti\u0107a<br \/>\nDjeca ga mogu ponijeti gdje god \u017eele<\/p>\n","protected":false},"featured_media":46401,"template":"","meta":{"_seopress_robots_primary_cat":"","_seopress_titles_title":"","_seopress_titles_desc":"","_seopress_robots_index":"","iawp_total_views":0},"product_brand":[429],"product_cat":[243,273],"product_tag":[],"class_list":{"0":"post-46400","1":"product","2":"type-product","3":"status-publish","4":"has-post-thumbnail","6":"product_brand-hot-wheels","7":"product_cat-automobili-i-motori","8":"product_cat-njega-vozila-243","10":"first","11":"instock","12":"shipping-taxable","13":"purchasable","14":"product-type-simple"},"_links":{"self":[{"href":"https:\/\/singuli.wpress.me\/index.php\/wp-json\/wp\/v2\/product\/46400","targetHints":{"allow":["GET"]}}],"collection":[{"href":"https:\/\/singuli.wpress.me\/index.php\/wp-json\/wp\/v2\/product"}],"about":[{"href":"https:\/\/singuli.wpress.me\/index.php\/wp-json\/wp\/v2\/types\/product"}],"version-history":[{"count":0,"href":"https:\/\/singuli.wpress.me\/index.php\/wp-json\/wp\/v2\/product\/46400\/revisions"}],"wp:featuredmedia":[{"embeddable":true,"href":"https:\/\/singuli.wpress.me\/index.php\/wp-json\/wp\/v2\/media\/46401"}],"wp:attachment":[{"href":"https:\/\/singuli.wpress.me\/index.php\/wp-json\/wp\/v2\/media?parent=46400"}],"wp:term":[{"taxonomy":"product_brand","embeddable":true,"href":"https:\/\/singuli.wpress.me\/index.php\/wp-json\/wp\/v2\/product_brand?post=46400"},{"taxonomy":"product_cat","embeddable":true,"href":"https:\/\/singuli.wpress.me\/index.php\/wp-json\/wp\/v2\/product_cat?post=46400"},{"taxonomy":"product_tag","embeddable":true,"href":"https:\/\/singuli.wpress.me\/index.php\/wp-json\/wp\/v2\/product_tag?post=46400"}],"curies":[{"name":"wp","href":"https:\/\/api.w.org\/{rel}","templated":true}]}}