{"id":46405,"date":"2026-04-21T00:32:31","date_gmt":"2026-04-21T00:32:31","guid":{"rendered":"https:\/\/singuli.wpress.me\/index.php\/proizvod\/gillette-king-c-trimer-za-bradu-3\/"},"modified":"2026-04-23T00:28:10","modified_gmt":"2026-04-23T00:28:10","slug":"gillette-king-c-trimer-za-bradu-3","status":"publish","type":"product","link":"https:\/\/singuli.wpress.me\/proizvod\/gillette-king-c-trimer-za-bradu-3\/","title":{"rendered":"GILLETTE King C., trimer za bradu"},"content":{"rendered":"<p>Slave\u0107i 120 godina stru\u010dnosti i inovacija u brijanju, Gillette vam predstavlja liniju nazvanu po osniva\u010du tvrtke: King C. Gillette. Ovaj be\u017ei\u010dni trimer ima 3 \u010de\u0161lji\u0107a za razli\u010dite duljine i stilove brade. Njegove dugotrajno o\u0161tre o\u0161trice i punjiva baterija koja traje do 50 minuta pomo\u0107i \u0107e vam da svakoga dana izgledate ba\u0161 onako kako \u017eelite. I da sve bude jo\u0161 jednostavnije, King C. Gillette trimer se lako \u010disti pod teku\u0107om vodom.<\/p>\n","protected":false},"excerpt":{"rendered":"<p>3 \u010de\u0161lji\u0107a za razli\u010dite duljine i stilove brade<br \/>\ndugotrajno o\u0161tre o\u0161trice za preciznost u definiranju osobnog stila<br \/>\npunjiva baterija za do 50 minuta be\u017ei\u010dnog rada<\/p>\n","protected":false},"featured_media":46406,"template":"","meta":{"_seopress_robots_primary_cat":"","_seopress_titles_title":"","_seopress_titles_desc":"","_seopress_robots_index":"","iawp_total_views":0},"product_brand":[323],"product_cat":[280,192,279],"product_tag":[],"class_list":{"0":"post-46405","1":"product","2":"type-product","3":"status-publish","4":"has-post-thumbnail","6":"product_brand-gillette","7":"product_cat-aparati-za-muskarce-279","8":"product_cat-aparati-za-osobnu-njegu","9":"product_cat-brijanje-i-sisanje-192","11":"first","12":"outofstock","13":"shipping-taxable","14":"purchasable","15":"product-type-simple"},"_links":{"self":[{"href":"https:\/\/singuli.wpress.me\/wp-json\/wp\/v2\/product\/46405","targetHints":{"allow":["GET"]}}],"collection":[{"href":"https:\/\/singuli.wpress.me\/wp-json\/wp\/v2\/product"}],"about":[{"href":"https:\/\/singuli.wpress.me\/wp-json\/wp\/v2\/types\/product"}],"version-history":[{"count":0,"href":"https:\/\/singuli.wpress.me\/wp-json\/wp\/v2\/product\/46405\/revisions"}],"wp:featuredmedia":[{"embeddable":true,"href":"https:\/\/singuli.wpress.me\/wp-json\/wp\/v2\/media\/46406"}],"wp:attachment":[{"href":"https:\/\/singuli.wpress.me\/wp-json\/wp\/v2\/media?parent=46405"}],"wp:term":[{"taxonomy":"product_brand","embeddable":true,"href":"https:\/\/singuli.wpress.me\/wp-json\/wp\/v2\/product_brand?post=46405"},{"taxonomy":"product_cat","embeddable":true,"href":"https:\/\/singuli.wpress.me\/wp-json\/wp\/v2\/product_cat?post=46405"},{"taxonomy":"product_tag","embeddable":true,"href":"https:\/\/singuli.wpress.me\/wp-json\/wp\/v2\/product_tag?post=46405"}],"curies":[{"name":"wp","href":"https:\/\/api.w.org\/{rel}","templated":true}]}}