{"id":46407,"date":"2026-04-21T00:32:32","date_gmt":"2026-04-21T00:32:32","guid":{"rendered":"https:\/\/singuli.wpress.me\/index.php\/proizvod\/tmnt-mini-figure\/"},"modified":"2026-04-23T00:28:10","modified_gmt":"2026-04-23T00:28:10","slug":"tmnt-mini-figure","status":"publish","type":"product","link":"https:\/\/singuli.wpress.me\/proizvod\/tmnt-mini-figure\/","title":{"rendered":"TMNT, mini figure"},"content":{"rendered":"<p>Najpoznatije kornja\u010de i njihovi najve\u0107i protivnici mutanti &#8211; kao mini figurice &#8211; u svojim borbenim polo\u017eajima i sa svojim prepoznatljivim oru\u017ejem! <\/p>\n<p>Dob: 4+<\/p>\n","protected":false},"excerpt":{"rendered":"<p>Igra\u010dka dolazi u vi\u0161e razli\u010ditih modela<br \/>\nBoje i dekoracije mogu se razlikovati<br \/>\nDob: 4+<\/p>\n","protected":false},"featured_media":46408,"template":"","meta":{"_seopress_robots_primary_cat":"","_seopress_titles_title":"","_seopress_titles_desc":"","_seopress_robots_index":"","iawp_total_views":0},"product_brand":[915],"product_cat":[221,263],"product_tag":[],"class_list":{"0":"post-46407","1":"product","2":"type-product","3":"status-publish","4":"has-post-thumbnail","6":"product_brand-tmnt","7":"product_cat-igracke","8":"product_cat-tematske-igracke-221","10":"first","11":"instock","12":"shipping-taxable","13":"purchasable","14":"product-type-simple"},"_links":{"self":[{"href":"https:\/\/singuli.wpress.me\/wp-json\/wp\/v2\/product\/46407","targetHints":{"allow":["GET"]}}],"collection":[{"href":"https:\/\/singuli.wpress.me\/wp-json\/wp\/v2\/product"}],"about":[{"href":"https:\/\/singuli.wpress.me\/wp-json\/wp\/v2\/types\/product"}],"version-history":[{"count":0,"href":"https:\/\/singuli.wpress.me\/wp-json\/wp\/v2\/product\/46407\/revisions"}],"wp:featuredmedia":[{"embeddable":true,"href":"https:\/\/singuli.wpress.me\/wp-json\/wp\/v2\/media\/46408"}],"wp:attachment":[{"href":"https:\/\/singuli.wpress.me\/wp-json\/wp\/v2\/media?parent=46407"}],"wp:term":[{"taxonomy":"product_brand","embeddable":true,"href":"https:\/\/singuli.wpress.me\/wp-json\/wp\/v2\/product_brand?post=46407"},{"taxonomy":"product_cat","embeddable":true,"href":"https:\/\/singuli.wpress.me\/wp-json\/wp\/v2\/product_cat?post=46407"},{"taxonomy":"product_tag","embeddable":true,"href":"https:\/\/singuli.wpress.me\/wp-json\/wp\/v2\/product_tag?post=46407"}],"curies":[{"name":"wp","href":"https:\/\/api.w.org\/{rel}","templated":true}]}}