{"id":46415,"date":"2026-04-21T00:32:37","date_gmt":"2026-04-21T00:32:37","guid":{"rendered":"https:\/\/singuli.wpress.me\/index.php\/proizvod\/secret-natural-unscented-antiperspirantna-krema-stick-40-ml\/"},"modified":"2026-04-21T00:32:37","modified_gmt":"2026-04-21T00:32:37","slug":"secret-natural-unscented-antiperspirantna-krema-stick-40-ml","status":"publish","type":"product","link":"https:\/\/singuli.wpress.me\/index.php\/proizvod\/secret-natural-unscented-antiperspirantna-krema-stick-40-ml\/","title":{"rendered":"SECRET Natural Unscented, antiperspirantna krema, stick, 40\u00a0ml"},"content":{"rendered":"<p>Kolekcija Secret Fresh ima uravnote\u017een pH faktor i hidratantne sastojke koji odr\u017eavaju ko\u017eu glatkom i na njoj ostavljaju dugotrajan miris. <\/p>\n<p>Sve to prati tehnologija pobolj\u0161anja mirisa koja jednostavno odu\u0161evljava. <\/p>\n<p>Antiperspirantna krema u stiku Secret ne ostavlja tragove, osu\u0161i se i ostaje suha, a poma\u017ee ukloniti neugodne mirise jer ima 48-satnu kontrolu mirisa i za\u0161titu od vla\u017enosti. <\/p>\n<p>Otkrijte nezaustavljivu svje\u017einu uz antiperspirant u stiku Secret. <\/p>\n<p>Marka \u017eenskog dezodoransa br. 1 u Americi.<\/p>\n","protected":false},"excerpt":{"rendered":"<p>Uravnote\u017een pH faktor<br \/>\nNe ostavlja bijele tragove na odje\u0107i i ko\u017ei<br \/>\n48-satnu kontrolu mirisa i za\u0161titu od vla\u017enosti<\/p>\n","protected":false},"featured_media":46416,"template":"","meta":{"_seopress_robots_primary_cat":"","_seopress_titles_title":"","_seopress_titles_desc":"","_seopress_robots_index":"","iawp_total_views":0},"product_brand":[916],"product_cat":[285,268],"product_tag":[],"class_list":{"0":"post-46415","1":"product","2":"type-product","3":"status-publish","4":"has-post-thumbnail","6":"product_brand-secret","7":"product_cat-dezodoransi-268","8":"product_cat-kozmetika-2","10":"first","11":"outofstock","12":"shipping-taxable","13":"purchasable","14":"product-type-simple"},"_links":{"self":[{"href":"https:\/\/singuli.wpress.me\/index.php\/wp-json\/wp\/v2\/product\/46415","targetHints":{"allow":["GET"]}}],"collection":[{"href":"https:\/\/singuli.wpress.me\/index.php\/wp-json\/wp\/v2\/product"}],"about":[{"href":"https:\/\/singuli.wpress.me\/index.php\/wp-json\/wp\/v2\/types\/product"}],"version-history":[{"count":0,"href":"https:\/\/singuli.wpress.me\/index.php\/wp-json\/wp\/v2\/product\/46415\/revisions"}],"wp:featuredmedia":[{"embeddable":true,"href":"https:\/\/singuli.wpress.me\/index.php\/wp-json\/wp\/v2\/media\/46416"}],"wp:attachment":[{"href":"https:\/\/singuli.wpress.me\/index.php\/wp-json\/wp\/v2\/media?parent=46415"}],"wp:term":[{"taxonomy":"product_brand","embeddable":true,"href":"https:\/\/singuli.wpress.me\/index.php\/wp-json\/wp\/v2\/product_brand?post=46415"},{"taxonomy":"product_cat","embeddable":true,"href":"https:\/\/singuli.wpress.me\/index.php\/wp-json\/wp\/v2\/product_cat?post=46415"},{"taxonomy":"product_tag","embeddable":true,"href":"https:\/\/singuli.wpress.me\/index.php\/wp-json\/wp\/v2\/product_tag?post=46415"}],"curies":[{"name":"wp","href":"https:\/\/api.w.org\/{rel}","templated":true}]}}