{"id":46424,"date":"2026-04-21T00:32:41","date_gmt":"2026-04-21T00:32:41","guid":{"rendered":"https:\/\/singuli.wpress.me\/index.php\/proizvod\/blend-a-dent-extra-fresh-tablete-za-ciscenje-proteze-60-kom\/"},"modified":"2026-04-21T00:32:41","modified_gmt":"2026-04-21T00:32:41","slug":"blend-a-dent-extra-fresh-tablete-za-ciscenje-proteze-60-kom","status":"publish","type":"product","link":"https:\/\/singuli.wpress.me\/index.php\/proizvod\/blend-a-dent-extra-fresh-tablete-za-ciscenje-proteze-60-kom\/","title":{"rendered":"BLEND-A-DENT Extra Fresh, tablete za \u010di\u0161\u0107enje proteze, 60\u00a0kom"},"content":{"rendered":"<p>Tablete Blend-A-Dent Long Lasting Freshness uklonit \u0107e ne samo mrlje, ve\u0107 i 99,99 % bakterija s va\u0161e zubne proteze te osigurati dugotrajan osje\u0107aj \u010disto\u0107e i svje\u017eine. <\/p>\n<p>Takvo temeljito \u010di\u0161\u0107enje sprje\u010dava neugodan zadah, a pritom ne o\u0161te\u0107uje zubnu protezu. <\/p>\n<p>Za pouzdanu njegu svoje zubne proteze oslonite se na Blend-A-Dent, tablete koje se sporo otapaju a detaljno \u010diste.<\/p>\n","protected":false},"excerpt":{"rendered":"<p>Tablete za \u010di\u0161\u0107enje zubne proteze<br \/>\nSprje\u010davaju neugodan zadah<br \/>\nUklanjaju do 99,99 % bakterija<\/p>\n","protected":false},"featured_media":46425,"template":"","meta":{"_seopress_robots_primary_cat":"","_seopress_titles_title":"","_seopress_titles_desc":"","_seopress_robots_index":"","iawp_total_views":0},"product_brand":[763],"product_cat":[268,309],"product_tag":[],"class_list":{"0":"post-46424","1":"product","2":"type-product","3":"status-publish","4":"has-post-thumbnail","6":"product_brand-blend-a-dent","7":"product_cat-kozmetika-2","8":"product_cat-oralna-higijena-268","10":"first","11":"outofstock","12":"shipping-taxable","13":"purchasable","14":"product-type-simple"},"_links":{"self":[{"href":"https:\/\/singuli.wpress.me\/index.php\/wp-json\/wp\/v2\/product\/46424","targetHints":{"allow":["GET"]}}],"collection":[{"href":"https:\/\/singuli.wpress.me\/index.php\/wp-json\/wp\/v2\/product"}],"about":[{"href":"https:\/\/singuli.wpress.me\/index.php\/wp-json\/wp\/v2\/types\/product"}],"version-history":[{"count":0,"href":"https:\/\/singuli.wpress.me\/index.php\/wp-json\/wp\/v2\/product\/46424\/revisions"}],"wp:featuredmedia":[{"embeddable":true,"href":"https:\/\/singuli.wpress.me\/index.php\/wp-json\/wp\/v2\/media\/46425"}],"wp:attachment":[{"href":"https:\/\/singuli.wpress.me\/index.php\/wp-json\/wp\/v2\/media?parent=46424"}],"wp:term":[{"taxonomy":"product_brand","embeddable":true,"href":"https:\/\/singuli.wpress.me\/index.php\/wp-json\/wp\/v2\/product_brand?post=46424"},{"taxonomy":"product_cat","embeddable":true,"href":"https:\/\/singuli.wpress.me\/index.php\/wp-json\/wp\/v2\/product_cat?post=46424"},{"taxonomy":"product_tag","embeddable":true,"href":"https:\/\/singuli.wpress.me\/index.php\/wp-json\/wp\/v2\/product_tag?post=46424"}],"curies":[{"name":"wp","href":"https:\/\/api.w.org\/{rel}","templated":true}]}}