{"id":46438,"date":"2026-04-21T00:32:50","date_gmt":"2026-04-21T00:32:50","guid":{"rendered":"https:\/\/singuli.wpress.me\/index.php\/proizvod\/tmnt-velika-figura\/"},"modified":"2026-04-21T00:32:50","modified_gmt":"2026-04-21T00:32:50","slug":"tmnt-velika-figura","status":"publish","type":"product","link":"https:\/\/singuli.wpress.me\/index.php\/proizvod\/tmnt-velika-figura\/","title":{"rendered":"TMNT, velika figura"},"content":{"rendered":"<p>Velike 30cm figure najpoznatijih kornja\u010da Leonarda i Raphaela -vrlo pokretljive i detaljne &#8211; osigurat \u0107e dugotrajnu zabavu u velikom stilu. <\/p>\n<p>Dob: 4+<\/p>\n","protected":false},"excerpt":{"rendered":"<p>Igra\u010dka dolazi u vi\u0161e razli\u010ditih modela<br \/>\nBoje i dekoracije mogu se razlikovati<br \/>\nDob: 4+<\/p>\n","protected":false},"featured_media":46439,"template":"","meta":{"_seopress_robots_primary_cat":"","_seopress_titles_title":"","_seopress_titles_desc":"","_seopress_robots_index":"","iawp_total_views":0},"product_brand":[915],"product_cat":[221,263],"product_tag":[],"class_list":{"0":"post-46438","1":"product","2":"type-product","3":"status-publish","4":"has-post-thumbnail","6":"product_brand-tmnt","7":"product_cat-igracke","8":"product_cat-tematske-igracke-221","10":"first","11":"outofstock","12":"shipping-taxable","13":"purchasable","14":"product-type-simple"},"_links":{"self":[{"href":"https:\/\/singuli.wpress.me\/index.php\/wp-json\/wp\/v2\/product\/46438","targetHints":{"allow":["GET"]}}],"collection":[{"href":"https:\/\/singuli.wpress.me\/index.php\/wp-json\/wp\/v2\/product"}],"about":[{"href":"https:\/\/singuli.wpress.me\/index.php\/wp-json\/wp\/v2\/types\/product"}],"version-history":[{"count":0,"href":"https:\/\/singuli.wpress.me\/index.php\/wp-json\/wp\/v2\/product\/46438\/revisions"}],"wp:featuredmedia":[{"embeddable":true,"href":"https:\/\/singuli.wpress.me\/index.php\/wp-json\/wp\/v2\/media\/46439"}],"wp:attachment":[{"href":"https:\/\/singuli.wpress.me\/index.php\/wp-json\/wp\/v2\/media?parent=46438"}],"wp:term":[{"taxonomy":"product_brand","embeddable":true,"href":"https:\/\/singuli.wpress.me\/index.php\/wp-json\/wp\/v2\/product_brand?post=46438"},{"taxonomy":"product_cat","embeddable":true,"href":"https:\/\/singuli.wpress.me\/index.php\/wp-json\/wp\/v2\/product_cat?post=46438"},{"taxonomy":"product_tag","embeddable":true,"href":"https:\/\/singuli.wpress.me\/index.php\/wp-json\/wp\/v2\/product_tag?post=46438"}],"curies":[{"name":"wp","href":"https:\/\/api.w.org\/{rel}","templated":true}]}}