{"id":46445,"date":"2026-04-21T00:32:53","date_gmt":"2026-04-21T00:32:53","guid":{"rendered":"https:\/\/singuli.wpress.me\/index.php\/proizvod\/barbie-slasticarnica-set-za-igru\/"},"modified":"2026-04-21T00:32:53","modified_gmt":"2026-04-21T00:32:53","slug":"barbie-slasticarnica-set-za-igru","status":"publish","type":"product","link":"https:\/\/singuli.wpress.me\/index.php\/proizvod\/barbie-slasticarnica-set-za-igru\/","title":{"rendered":"BARBIE, slasti\u010darnica set za igru"},"content":{"rendered":"<p>Ukrasi svoje torte s ovim prekrasnim Barbie setom! Barbie lutka ima ru\u017ei\u010dastu kosu i haljinu na prugice. Spremna je za izradu divnih torti i njihovo ukra\u0161avanje.<\/p>\n<p>Set uklju\u010duje dio za dekoriranje, Barbie lutku, 2 posude plastelina za izradu torti, \u0161patulu, dekoracije, podlogu za tortu&#8230;i mnogo drugih dodatnih detalja. <\/p>\n<p>Upotrijebi dvije boje plastelina za izradu torte, plavu ili ru\u017ei\u010dastu. Stavi tortu u pe\u0107nicu, povuci ru\u010dicu i gledaj kako se torte di\u017eu za realisti\u010dnu zabavu pravljenja torti! Nakon \u0161to se &#8221;ispekla&#8221;, torta je spremna za ukra\u0161avanje. Stavi tortu na stalak i ukrasi je dekoracijama!  <\/p>\n","protected":false},"excerpt":{"rendered":"<p>Ukra\u0161avanje torti sa Barbie setom<br \/>\nSet uklju\u010duje lutku i razne dodatke<br \/>\nDob: 4+ god<\/p>\n","protected":false},"featured_media":46446,"template":"","meta":{"_seopress_robots_primary_cat":"","_seopress_titles_title":"","_seopress_titles_desc":"","_seopress_robots_index":"","iawp_total_views":0},"product_brand":[324],"product_cat":[221,291],"product_tag":[],"class_list":{"0":"post-46445","1":"product","2":"type-product","3":"status-publish","4":"has-post-thumbnail","6":"product_brand-barbie","7":"product_cat-igracke","8":"product_cat-igracke-za-djecu-221","10":"first","11":"outofstock","12":"shipping-taxable","13":"purchasable","14":"product-type-simple"},"_links":{"self":[{"href":"https:\/\/singuli.wpress.me\/index.php\/wp-json\/wp\/v2\/product\/46445","targetHints":{"allow":["GET"]}}],"collection":[{"href":"https:\/\/singuli.wpress.me\/index.php\/wp-json\/wp\/v2\/product"}],"about":[{"href":"https:\/\/singuli.wpress.me\/index.php\/wp-json\/wp\/v2\/types\/product"}],"version-history":[{"count":0,"href":"https:\/\/singuli.wpress.me\/index.php\/wp-json\/wp\/v2\/product\/46445\/revisions"}],"wp:featuredmedia":[{"embeddable":true,"href":"https:\/\/singuli.wpress.me\/index.php\/wp-json\/wp\/v2\/media\/46446"}],"wp:attachment":[{"href":"https:\/\/singuli.wpress.me\/index.php\/wp-json\/wp\/v2\/media?parent=46445"}],"wp:term":[{"taxonomy":"product_brand","embeddable":true,"href":"https:\/\/singuli.wpress.me\/index.php\/wp-json\/wp\/v2\/product_brand?post=46445"},{"taxonomy":"product_cat","embeddable":true,"href":"https:\/\/singuli.wpress.me\/index.php\/wp-json\/wp\/v2\/product_cat?post=46445"},{"taxonomy":"product_tag","embeddable":true,"href":"https:\/\/singuli.wpress.me\/index.php\/wp-json\/wp\/v2\/product_tag?post=46445"}],"curies":[{"name":"wp","href":"https:\/\/api.w.org\/{rel}","templated":true}]}}