{"id":46451,"date":"2026-04-21T00:32:55","date_gmt":"2026-04-21T00:32:55","guid":{"rendered":"https:\/\/singuli.wpress.me\/index.php\/proizvod\/hot-wheels-skate-s-tenisicama\/"},"modified":"2026-04-21T00:32:55","modified_gmt":"2026-04-21T00:32:55","slug":"hot-wheels-skate-s-tenisicama","status":"publish","type":"product","link":"https:\/\/singuli.wpress.me\/index.php\/proizvod\/hot-wheels-skate-s-tenisicama\/","title":{"rendered":"HOT WHEELS, skate s tenisicama"},"content":{"rendered":"<p>Hot Wheels\u00ae i legenda skateboardinga Tony Hawk udru\u017eili su se kako bi stvorili epsku kolekciju fingerboarda koja je savr\u0161ena za izvo\u0111enje ludih trikova koje se ne bi usudio na skateboardu! U kompletu dolazi skateboard i par tenisica koje je mogu\u0107e ukloniti sa skateboarda, a dizajnirane su tako da dr\u017ee vrhove prstiju na mjestu kada u\u010dite izvoditi shred i ollie kao pravi profesionalci! Svaki skateboard ima dizajn koji je toliko jedinstven da \u0107e ih svako dijete htjeti skupiti sve! Igra\u010dka dolazi u vi\u0161e razli\u010ditih modela, a isporuka ovisi o njihovoj trenutnoj raspolo\u017eivosti. <\/p>\n","protected":false},"excerpt":{"rendered":"<p>U kompletu dolazi skateboard i par tenisica<br \/>\nDob: 5+<br \/>\nIgra\u010dka dolazi u vi\u0161e razli\u010ditih modela<\/p>\n","protected":false},"featured_media":46452,"template":"","meta":{"_seopress_robots_primary_cat":"","_seopress_titles_title":"","_seopress_titles_desc":"","_seopress_robots_index":"","iawp_total_views":0},"product_brand":[429],"product_cat":[243,273],"product_tag":[],"class_list":{"0":"post-46451","1":"product","2":"type-product","3":"status-publish","4":"has-post-thumbnail","6":"product_brand-hot-wheels","7":"product_cat-automobili-i-motori","8":"product_cat-njega-vozila-243","10":"first","11":"instock","12":"shipping-taxable","13":"purchasable","14":"product-type-simple"},"_links":{"self":[{"href":"https:\/\/singuli.wpress.me\/index.php\/wp-json\/wp\/v2\/product\/46451","targetHints":{"allow":["GET"]}}],"collection":[{"href":"https:\/\/singuli.wpress.me\/index.php\/wp-json\/wp\/v2\/product"}],"about":[{"href":"https:\/\/singuli.wpress.me\/index.php\/wp-json\/wp\/v2\/types\/product"}],"version-history":[{"count":0,"href":"https:\/\/singuli.wpress.me\/index.php\/wp-json\/wp\/v2\/product\/46451\/revisions"}],"wp:featuredmedia":[{"embeddable":true,"href":"https:\/\/singuli.wpress.me\/index.php\/wp-json\/wp\/v2\/media\/46452"}],"wp:attachment":[{"href":"https:\/\/singuli.wpress.me\/index.php\/wp-json\/wp\/v2\/media?parent=46451"}],"wp:term":[{"taxonomy":"product_brand","embeddable":true,"href":"https:\/\/singuli.wpress.me\/index.php\/wp-json\/wp\/v2\/product_brand?post=46451"},{"taxonomy":"product_cat","embeddable":true,"href":"https:\/\/singuli.wpress.me\/index.php\/wp-json\/wp\/v2\/product_cat?post=46451"},{"taxonomy":"product_tag","embeddable":true,"href":"https:\/\/singuli.wpress.me\/index.php\/wp-json\/wp\/v2\/product_tag?post=46451"}],"curies":[{"name":"wp","href":"https:\/\/api.w.org\/{rel}","templated":true}]}}