{"id":46465,"date":"2026-04-21T00:33:01","date_gmt":"2026-04-21T00:33:01","guid":{"rendered":"https:\/\/singuli.wpress.me\/index.php\/proizvod\/hot-wheels-monster-trucks-set-s-gumom\/"},"modified":"2026-04-23T00:28:10","modified_gmt":"2026-04-23T00:28:10","slug":"hot-wheels-monster-trucks-set-s-gumom","status":"publish","type":"product","link":"https:\/\/singuli.wpress.me\/proizvod\/hot-wheels-monster-trucks-set-s-gumom\/","title":{"rendered":"HOT WHEELS Monster Trucks, set s gumom"},"content":{"rendered":"<p>Hot Wheels Monster Truck set s gumom preklapa se uz pomo\u0107 prijenosne ru\u010dke i otvara kako bi se otkrila velika arena za ru\u0161enje, razbijanje i uklanjanje.<\/p>\n<p>Set je duga\u010dak vi\u0161e od 80 cm i ima odli\u010dne zna\u010dajke.<br \/>\nSlavna Monster Truck guma uklju\u010duje Monster Truck vozilo i auti\u0107 u omjeru 1:64.<br \/>\nKada se set otvori, otkriva se lanser za dva automobila ili jedno Monster Truck vozilo kako bi vozilo moglo uzletjeti i pro\u0107i kroz vatreni prsten.<br \/>\nZatim vozilo mora to\u010dno sletjeti na platformu koja \u0107e ga prebaciti u krug pobjednika i ocijeniti njihovu izvedbu, daju\u0107i djeci povratnu informaciju o njihovoj vje\u0161tini!<\/p>\n","protected":false},"excerpt":{"rendered":"<p>Uklju\u010duje Monster Truck vozilo i auti\u0107<br \/>\nSet je prenosiv<br \/>\nSet je 80 cm dug<\/p>\n","protected":false},"featured_media":46466,"template":"","meta":{"_seopress_robots_primary_cat":"","_seopress_titles_title":"","_seopress_titles_desc":"","_seopress_robots_index":"","iawp_total_views":0},"product_brand":[429],"product_cat":[221,291],"product_tag":[],"class_list":{"0":"post-46465","1":"product","2":"type-product","3":"status-publish","4":"has-post-thumbnail","6":"product_brand-hot-wheels","7":"product_cat-igracke","8":"product_cat-igracke-za-djecu-221","10":"first","11":"outofstock","12":"shipping-taxable","13":"purchasable","14":"product-type-simple"},"_links":{"self":[{"href":"https:\/\/singuli.wpress.me\/wp-json\/wp\/v2\/product\/46465","targetHints":{"allow":["GET"]}}],"collection":[{"href":"https:\/\/singuli.wpress.me\/wp-json\/wp\/v2\/product"}],"about":[{"href":"https:\/\/singuli.wpress.me\/wp-json\/wp\/v2\/types\/product"}],"version-history":[{"count":0,"href":"https:\/\/singuli.wpress.me\/wp-json\/wp\/v2\/product\/46465\/revisions"}],"wp:featuredmedia":[{"embeddable":true,"href":"https:\/\/singuli.wpress.me\/wp-json\/wp\/v2\/media\/46466"}],"wp:attachment":[{"href":"https:\/\/singuli.wpress.me\/wp-json\/wp\/v2\/media?parent=46465"}],"wp:term":[{"taxonomy":"product_brand","embeddable":true,"href":"https:\/\/singuli.wpress.me\/wp-json\/wp\/v2\/product_brand?post=46465"},{"taxonomy":"product_cat","embeddable":true,"href":"https:\/\/singuli.wpress.me\/wp-json\/wp\/v2\/product_cat?post=46465"},{"taxonomy":"product_tag","embeddable":true,"href":"https:\/\/singuli.wpress.me\/wp-json\/wp\/v2\/product_tag?post=46465"}],"curies":[{"name":"wp","href":"https:\/\/api.w.org\/{rel}","templated":true}]}}