{"id":46477,"date":"2026-04-21T00:33:06","date_gmt":"2026-04-21T00:33:06","guid":{"rendered":"https:\/\/singuli.wpress.me\/index.php\/proizvod\/fisher-price-zivotinjice-s-aktivnostima-s-aktivnostima\/"},"modified":"2026-04-21T00:33:06","modified_gmt":"2026-04-21T00:33:06","slug":"fisher-price-zivotinjice-s-aktivnostima-s-aktivnostima","status":"publish","type":"product","link":"https:\/\/singuli.wpress.me\/index.php\/proizvod\/fisher-price-zivotinjice-s-aktivnostima-s-aktivnostima\/","title":{"rendered":"FISHER PRICE, \u017eivotinjice s aktivnostima, s aktivnostima"},"content":{"rendered":"<p>\u017divotinjski prijatelji od kojih svaki ima svoju aktivnost za igru te jedinstvenu osjetilnu prednost.<\/p>\n<p>Vidrica grickalica za zubi\u0107e<br \/>\nKlepetaju\u0107e lane\u00a0<br \/>\nLeopard zve\u010dka<br \/>\nLjenjivac za klizanje\u00a0<br \/>\nJe\u017e zve\u010dka<br \/>\nZa djecu od 3 mjeseca starosti.<\/p>\n","protected":false},"excerpt":{"rendered":"<p>Ativnostima poti\u0107u razvoj osjetila<br \/>\nDob: 6+ mjeseca<br \/>\nIgra\u010dka dolazi u vi\u0161e razli\u010ditih modela<\/p>\n","protected":false},"featured_media":46478,"template":"","meta":{"_seopress_robots_primary_cat":"","_seopress_titles_title":"","_seopress_titles_desc":"","_seopress_robots_index":"","iawp_total_views":0},"product_brand":[458],"product_cat":[221,291],"product_tag":[],"class_list":{"0":"post-46477","1":"product","2":"type-product","3":"status-publish","4":"has-post-thumbnail","6":"product_brand-fisher-price","7":"product_cat-igracke","8":"product_cat-igracke-za-djecu-221","10":"first","11":"instock","12":"shipping-taxable","13":"purchasable","14":"product-type-simple"},"_links":{"self":[{"href":"https:\/\/singuli.wpress.me\/index.php\/wp-json\/wp\/v2\/product\/46477","targetHints":{"allow":["GET"]}}],"collection":[{"href":"https:\/\/singuli.wpress.me\/index.php\/wp-json\/wp\/v2\/product"}],"about":[{"href":"https:\/\/singuli.wpress.me\/index.php\/wp-json\/wp\/v2\/types\/product"}],"version-history":[{"count":0,"href":"https:\/\/singuli.wpress.me\/index.php\/wp-json\/wp\/v2\/product\/46477\/revisions"}],"wp:featuredmedia":[{"embeddable":true,"href":"https:\/\/singuli.wpress.me\/index.php\/wp-json\/wp\/v2\/media\/46478"}],"wp:attachment":[{"href":"https:\/\/singuli.wpress.me\/index.php\/wp-json\/wp\/v2\/media?parent=46477"}],"wp:term":[{"taxonomy":"product_brand","embeddable":true,"href":"https:\/\/singuli.wpress.me\/index.php\/wp-json\/wp\/v2\/product_brand?post=46477"},{"taxonomy":"product_cat","embeddable":true,"href":"https:\/\/singuli.wpress.me\/index.php\/wp-json\/wp\/v2\/product_cat?post=46477"},{"taxonomy":"product_tag","embeddable":true,"href":"https:\/\/singuli.wpress.me\/index.php\/wp-json\/wp\/v2\/product_tag?post=46477"}],"curies":[{"name":"wp","href":"https:\/\/api.w.org\/{rel}","templated":true}]}}