{"id":46483,"date":"2026-04-21T00:33:08","date_gmt":"2026-04-21T00:33:08","guid":{"rendered":"https:\/\/singuli.wpress.me\/index.php\/proizvod\/blend-a-dent-long-last-fresh-tablete-za-ciscenje-proteze-28-kom\/"},"modified":"2026-04-21T00:33:08","modified_gmt":"2026-04-21T00:33:08","slug":"blend-a-dent-long-last-fresh-tablete-za-ciscenje-proteze-28-kom","status":"publish","type":"product","link":"https:\/\/singuli.wpress.me\/index.php\/proizvod\/blend-a-dent-long-last-fresh-tablete-za-ciscenje-proteze-28-kom\/","title":{"rendered":"BLEND-A-DENT Long Last Fresh, tablete za \u010di\u0161\u0107enje proteze, 28\u00a0kom"},"content":{"rendered":"<p>Blend-a-dent tablete dubinski \u010diste zubne proteze, \u0161tite od plaka i \u0161tite zubno meso.<\/p>\n<p>Ostavljaju osvje\u017eavaju\u0107i okus.<\/p>\n<p>Preporu\u010duje se za \u010di\u0161\u0107enje kompletnih ili parcijalnih proteza te ortodontskih aparati\u0107a.<\/p>\n<p>Ne o\u0161te\u0107uju protezu.<\/p>\n","protected":false},"excerpt":{"rendered":"<p>Tablete za \u010di\u0161\u0107enje zubne proteze<br \/>\nSprje\u010davaju neugodan zadah<br \/>\nOstavljaju osvje\u017eavaju\u0107i okus<\/p>\n","protected":false},"featured_media":46484,"template":"","meta":{"_seopress_robots_primary_cat":"","_seopress_titles_title":"","_seopress_titles_desc":"","_seopress_robots_index":"","iawp_total_views":0},"product_brand":[763],"product_cat":[268,309],"product_tag":[],"class_list":{"0":"post-46483","1":"product","2":"type-product","3":"status-publish","4":"has-post-thumbnail","6":"product_brand-blend-a-dent","7":"product_cat-kozmetika-2","8":"product_cat-oralna-higijena-268","10":"first","11":"outofstock","12":"shipping-taxable","13":"purchasable","14":"product-type-simple"},"_links":{"self":[{"href":"https:\/\/singuli.wpress.me\/index.php\/wp-json\/wp\/v2\/product\/46483","targetHints":{"allow":["GET"]}}],"collection":[{"href":"https:\/\/singuli.wpress.me\/index.php\/wp-json\/wp\/v2\/product"}],"about":[{"href":"https:\/\/singuli.wpress.me\/index.php\/wp-json\/wp\/v2\/types\/product"}],"version-history":[{"count":0,"href":"https:\/\/singuli.wpress.me\/index.php\/wp-json\/wp\/v2\/product\/46483\/revisions"}],"wp:featuredmedia":[{"embeddable":true,"href":"https:\/\/singuli.wpress.me\/index.php\/wp-json\/wp\/v2\/media\/46484"}],"wp:attachment":[{"href":"https:\/\/singuli.wpress.me\/index.php\/wp-json\/wp\/v2\/media?parent=46483"}],"wp:term":[{"taxonomy":"product_brand","embeddable":true,"href":"https:\/\/singuli.wpress.me\/index.php\/wp-json\/wp\/v2\/product_brand?post=46483"},{"taxonomy":"product_cat","embeddable":true,"href":"https:\/\/singuli.wpress.me\/index.php\/wp-json\/wp\/v2\/product_cat?post=46483"},{"taxonomy":"product_tag","embeddable":true,"href":"https:\/\/singuli.wpress.me\/index.php\/wp-json\/wp\/v2\/product_tag?post=46483"}],"curies":[{"name":"wp","href":"https:\/\/api.w.org\/{rel}","templated":true}]}}