{"id":46486,"date":"2026-04-21T00:33:09","date_gmt":"2026-04-21T00:33:09","guid":{"rendered":"https:\/\/singuli.wpress.me\/index.php\/proizvod\/games-uno-junior-s-aktivnostima-drustvena-igra\/"},"modified":"2026-04-21T00:33:09","modified_gmt":"2026-04-21T00:33:09","slug":"games-uno-junior-s-aktivnostima-drustvena-igra","status":"publish","type":"product","link":"https:\/\/singuli.wpress.me\/index.php\/proizvod\/games-uno-junior-s-aktivnostima-drustvena-igra\/","title":{"rendered":"GAMES Uno Junior s aktivnostima, dru\u0161tvena igra"},"content":{"rendered":"<p>UNO Junior Move!\u2122 je aktivan na\u010din da djeca i obitelji igraju omiljenu UNO\u00ae karta\u0161ku igru!<br \/>\nU novim UNO Junior kartama ako odigra\u0161 kartu s akcijskom zvijezdom na sebi, mora\u0161 ustati i odraditi dodijeljenu aktivnost. Mo\u017ee\u0161 SKAKATI, PLESATI, PLJESKATI ILI SAGNUTI SE. Na naprednom nivou igre, ako zaboravi\u0161 izvesti aktivnost, mora\u0161 vu\u0107i kartu.<br \/>\nIgranje je poput klasi\u010dnog UNO\u00ae-a, ali s tri razli\u010dite razine kako bi mla\u0111i igra\u010di mogli rasti s igrom.<br \/>\nPo\u010detna razina usmjerena je na uskla\u0111ivanje boja ili kartica s brojevima. Na srednjoj razini dodaju se Wild Cards i odre\u0111ene Akcijske karte u \u0161pil kako bi se ubrzao tempo. Napredna razina dodaje kaznene karte.<br \/>\nU pakiranju dolazi:<br \/>\n\u2022 56 karata za igru<br \/>\n\u2022 4 akcijske karte<br \/>\n\u2022 Upute<br \/>\nIgra je izvrstan dar za djecu, obitelji i ve\u010deri igre!\u00a0<\/p>\n","protected":false},"excerpt":{"rendered":"<p>56 karata za igru<br \/>\nIgra je izvrstan dar za djecu, obitelji i ve\u010deri igre<br \/>\n3 razine te\u017eine<\/p>\n","protected":false},"featured_media":46487,"template":"","meta":{"_seopress_robots_primary_cat":"","_seopress_titles_title":"","_seopress_titles_desc":"","_seopress_robots_index":"","iawp_total_views":0},"product_brand":[390],"product_cat":[290,221],"product_tag":[],"class_list":{"0":"post-46486","1":"product","2":"type-product","3":"status-publish","4":"has-post-thumbnail","6":"product_brand-games","7":"product_cat-drustvene-igre-221","8":"product_cat-igracke","10":"first","11":"outofstock","12":"shipping-taxable","13":"purchasable","14":"product-type-simple"},"_links":{"self":[{"href":"https:\/\/singuli.wpress.me\/index.php\/wp-json\/wp\/v2\/product\/46486","targetHints":{"allow":["GET"]}}],"collection":[{"href":"https:\/\/singuli.wpress.me\/index.php\/wp-json\/wp\/v2\/product"}],"about":[{"href":"https:\/\/singuli.wpress.me\/index.php\/wp-json\/wp\/v2\/types\/product"}],"version-history":[{"count":0,"href":"https:\/\/singuli.wpress.me\/index.php\/wp-json\/wp\/v2\/product\/46486\/revisions"}],"wp:featuredmedia":[{"embeddable":true,"href":"https:\/\/singuli.wpress.me\/index.php\/wp-json\/wp\/v2\/media\/46487"}],"wp:attachment":[{"href":"https:\/\/singuli.wpress.me\/index.php\/wp-json\/wp\/v2\/media?parent=46486"}],"wp:term":[{"taxonomy":"product_brand","embeddable":true,"href":"https:\/\/singuli.wpress.me\/index.php\/wp-json\/wp\/v2\/product_brand?post=46486"},{"taxonomy":"product_cat","embeddable":true,"href":"https:\/\/singuli.wpress.me\/index.php\/wp-json\/wp\/v2\/product_cat?post=46486"},{"taxonomy":"product_tag","embeddable":true,"href":"https:\/\/singuli.wpress.me\/index.php\/wp-json\/wp\/v2\/product_tag?post=46486"}],"curies":[{"name":"wp","href":"https:\/\/api.w.org\/{rel}","templated":true}]}}