{"id":46490,"date":"2026-04-21T00:33:11","date_gmt":"2026-04-21T00:33:11","guid":{"rendered":"https:\/\/singuli.wpress.me\/index.php\/proizvod\/fisher-price-plisani-jezic-s-aktivnostima\/"},"modified":"2026-04-21T00:33:12","modified_gmt":"2026-04-21T00:33:12","slug":"fisher-price-plisani-jezic-s-aktivnostima","status":"publish","type":"product","link":"https:\/\/singuli.wpress.me\/index.php\/proizvod\/fisher-price-plisani-jezic-s-aktivnostima\/","title":{"rendered":"FISHER PRICE, pli\u0161ani je\u017ei\u0107 s aktivnostima"},"content":{"rendered":"<p>Pli\u0161ani je\u017e sa \u0161arenom irokezom? Zvu\u010di kao najbolji prijatelj iz snova!<br \/>\nStvoren je za ma\u017eenje i zabavne igre, a dodatno stimulira bebina osjetila s 8 razli\u010ditih tekstura i 3 jedinstvena zvuka.<br \/>\nPritisnite njegov nos i zabava po\u010dinje!<br \/>\n\u0160arene boje i vizualni, akusti\u010dni i taktilni podra\u017eaji odu\u0161evit \u0107e svako dijete jer poti\u010du bebu na istra\u017eivanje i prikupljanje novih spoznaja o svijetu oko sebe.<br \/>\nIgra\u010dka je pogodna za bebe od 3 mjeseca i starije.<\/p>\n","protected":false},"excerpt":{"rendered":"<p>Poti\u010de bebu na istra\u017eivanje<br \/>\nDob: 0+ mjeseca<br \/>\n8 razli\u010ditih tekstura i 3 jedinstvena zvuka<\/p>\n","protected":false},"featured_media":46491,"template":"","meta":{"_seopress_robots_primary_cat":"","_seopress_titles_title":"","_seopress_titles_desc":"","_seopress_robots_index":"","iawp_total_views":0},"product_brand":[458],"product_cat":[221,291],"product_tag":[],"class_list":{"0":"post-46490","1":"product","2":"type-product","3":"status-publish","4":"has-post-thumbnail","6":"product_brand-fisher-price","7":"product_cat-igracke","8":"product_cat-igracke-za-djecu-221","10":"first","11":"outofstock","12":"shipping-taxable","13":"purchasable","14":"product-type-simple"},"_links":{"self":[{"href":"https:\/\/singuli.wpress.me\/index.php\/wp-json\/wp\/v2\/product\/46490","targetHints":{"allow":["GET"]}}],"collection":[{"href":"https:\/\/singuli.wpress.me\/index.php\/wp-json\/wp\/v2\/product"}],"about":[{"href":"https:\/\/singuli.wpress.me\/index.php\/wp-json\/wp\/v2\/types\/product"}],"version-history":[{"count":0,"href":"https:\/\/singuli.wpress.me\/index.php\/wp-json\/wp\/v2\/product\/46490\/revisions"}],"wp:featuredmedia":[{"embeddable":true,"href":"https:\/\/singuli.wpress.me\/index.php\/wp-json\/wp\/v2\/media\/46491"}],"wp:attachment":[{"href":"https:\/\/singuli.wpress.me\/index.php\/wp-json\/wp\/v2\/media?parent=46490"}],"wp:term":[{"taxonomy":"product_brand","embeddable":true,"href":"https:\/\/singuli.wpress.me\/index.php\/wp-json\/wp\/v2\/product_brand?post=46490"},{"taxonomy":"product_cat","embeddable":true,"href":"https:\/\/singuli.wpress.me\/index.php\/wp-json\/wp\/v2\/product_cat?post=46490"},{"taxonomy":"product_tag","embeddable":true,"href":"https:\/\/singuli.wpress.me\/index.php\/wp-json\/wp\/v2\/product_tag?post=46490"}],"curies":[{"name":"wp","href":"https:\/\/api.w.org\/{rel}","templated":true}]}}