{"id":46502,"date":"2026-04-21T00:33:18","date_gmt":"2026-04-21T00:33:18","guid":{"rendered":"https:\/\/singuli.wpress.me\/index.php\/proizvod\/wellaflex-brilliant-colors-lak-za-kosu-250-ml\/"},"modified":"2026-04-21T00:33:18","modified_gmt":"2026-04-21T00:33:18","slug":"wellaflex-brilliant-colors-lak-za-kosu-250-ml","status":"publish","type":"product","link":"https:\/\/singuli.wpress.me\/index.php\/proizvod\/wellaflex-brilliant-colors-lak-za-kosu-250-ml\/","title":{"rendered":"WELLAFLEX Brilliant Colors, lak za kosu, 250\u00a0ml"},"content":{"rendered":"<p>Wellaflex Brilliant Colours lak za kosu stvoren je za isticanje prirodne ljepote i podizanje individualnog stila. Osmi\u0161ljen je za o\u010duvanje sjaja obojene kose.<\/p>\n<p>Lak za kosu formuliran FlexActive tehnologijom pru\u017ea vam 3 najtra\u017eenija znaka prirodne, fleksibilne frizure. Kosa bez ljepljivosti i s pouzdanom postojano\u0161\u0107u, koja odr\u017eava frizuru netaknutom do 24 sata, bez gubitka fleksibilnosti i slobode kretanja kose. Sna\u017eno dr\u017eanje 3\/5.  Lako se nanosi i lako se ras\u010de\u0161ljava.<\/p>\n<p>Prakti\u010dne za nano\u0161enje i lake za \u010detkanje, Wellaflex Brilliant Colors savr\u0161eno su rje\u0161enje za brzo dotjerivanje. Tako\u0111er poma\u017ee u UV za\u0161titi. Dostupan i kao Wellaflex Brilliant Colors mousse.<\/p>\n","protected":false},"excerpt":{"rendered":"<p>S FlexActive tehnologijom za 3 znaka prirodne, fleksibilne i dugotrajne frizure<br \/>\nNeljepljivo, lako se nanosi i ra\u0161\u010de\u0161ljava<br \/>\nDizajniran za odr\u017eavanje sjaja obojene kose<\/p>\n","protected":false},"featured_media":46503,"template":"","meta":{"_seopress_robots_primary_cat":"","_seopress_titles_title":"","_seopress_titles_desc":"","_seopress_robots_index":"","iawp_total_views":0},"product_brand":[841],"product_cat":[268,300],"product_tag":[],"class_list":{"0":"post-46502","1":"product","2":"type-product","3":"status-publish","4":"has-post-thumbnail","6":"product_brand-wellaflex","7":"product_cat-kozmetika-2","8":"product_cat-njega-kose-268","10":"first","11":"outofstock","12":"shipping-taxable","13":"purchasable","14":"product-type-simple"},"_links":{"self":[{"href":"https:\/\/singuli.wpress.me\/index.php\/wp-json\/wp\/v2\/product\/46502","targetHints":{"allow":["GET"]}}],"collection":[{"href":"https:\/\/singuli.wpress.me\/index.php\/wp-json\/wp\/v2\/product"}],"about":[{"href":"https:\/\/singuli.wpress.me\/index.php\/wp-json\/wp\/v2\/types\/product"}],"version-history":[{"count":0,"href":"https:\/\/singuli.wpress.me\/index.php\/wp-json\/wp\/v2\/product\/46502\/revisions"}],"wp:featuredmedia":[{"embeddable":true,"href":"https:\/\/singuli.wpress.me\/index.php\/wp-json\/wp\/v2\/media\/46503"}],"wp:attachment":[{"href":"https:\/\/singuli.wpress.me\/index.php\/wp-json\/wp\/v2\/media?parent=46502"}],"wp:term":[{"taxonomy":"product_brand","embeddable":true,"href":"https:\/\/singuli.wpress.me\/index.php\/wp-json\/wp\/v2\/product_brand?post=46502"},{"taxonomy":"product_cat","embeddable":true,"href":"https:\/\/singuli.wpress.me\/index.php\/wp-json\/wp\/v2\/product_cat?post=46502"},{"taxonomy":"product_tag","embeddable":true,"href":"https:\/\/singuli.wpress.me\/index.php\/wp-json\/wp\/v2\/product_tag?post=46502"}],"curies":[{"name":"wp","href":"https:\/\/api.w.org\/{rel}","templated":true}]}}