{"id":46504,"date":"2026-04-21T00:33:18","date_gmt":"2026-04-21T00:33:18","guid":{"rendered":"https:\/\/singuli.wpress.me\/index.php\/proizvod\/tmnt-deluxe-figura\/"},"modified":"2026-04-21T00:33:18","modified_gmt":"2026-04-21T00:33:18","slug":"tmnt-deluxe-figura","status":"publish","type":"product","link":"https:\/\/singuli.wpress.me\/index.php\/proizvod\/tmnt-deluxe-figura\/","title":{"rendered":"TMNT, deluxe figura"},"content":{"rendered":"<p>Figure koja govore &#8211; Kada povu\u010dete ruku ili nogu s oprugom mo\u017eete \u010duti izme\u0111u 8 i 12 razli\u010ditih borbenih zvukova i zvu\u010dnih efekata. Nastavite li dr\u017eati ruku ili nogu unatrag rije\u010d \u0107e se nastaviti ponavljati sve dok ne otpustite; Detaljno izra\u0111ene deluxe figuire garancija su dobre zabave sa najpoznatijim kornja\u010dama &#8211; Leom, Raphom, Mikeyem i Donniejm! <\/p>\n<p>Dob: 4+<\/p>\n","protected":false},"excerpt":{"rendered":"<p>Igra\u010dka dolazi u vi\u0161e razli\u010ditih modela<br \/>\nBoje i dekoracije mogu se razlikovati<br \/>\nDob: 4+<\/p>\n","protected":false},"featured_media":46505,"template":"","meta":{"_seopress_robots_primary_cat":"","_seopress_titles_title":"","_seopress_titles_desc":"","_seopress_robots_index":"","iawp_total_views":0},"product_brand":[915],"product_cat":[221,263],"product_tag":[],"class_list":{"0":"post-46504","1":"product","2":"type-product","3":"status-publish","4":"has-post-thumbnail","6":"product_brand-tmnt","7":"product_cat-igracke","8":"product_cat-tematske-igracke-221","10":"first","11":"outofstock","12":"shipping-taxable","13":"purchasable","14":"product-type-simple"},"_links":{"self":[{"href":"https:\/\/singuli.wpress.me\/index.php\/wp-json\/wp\/v2\/product\/46504","targetHints":{"allow":["GET"]}}],"collection":[{"href":"https:\/\/singuli.wpress.me\/index.php\/wp-json\/wp\/v2\/product"}],"about":[{"href":"https:\/\/singuli.wpress.me\/index.php\/wp-json\/wp\/v2\/types\/product"}],"version-history":[{"count":0,"href":"https:\/\/singuli.wpress.me\/index.php\/wp-json\/wp\/v2\/product\/46504\/revisions"}],"wp:featuredmedia":[{"embeddable":true,"href":"https:\/\/singuli.wpress.me\/index.php\/wp-json\/wp\/v2\/media\/46505"}],"wp:attachment":[{"href":"https:\/\/singuli.wpress.me\/index.php\/wp-json\/wp\/v2\/media?parent=46504"}],"wp:term":[{"taxonomy":"product_brand","embeddable":true,"href":"https:\/\/singuli.wpress.me\/index.php\/wp-json\/wp\/v2\/product_brand?post=46504"},{"taxonomy":"product_cat","embeddable":true,"href":"https:\/\/singuli.wpress.me\/index.php\/wp-json\/wp\/v2\/product_cat?post=46504"},{"taxonomy":"product_tag","embeddable":true,"href":"https:\/\/singuli.wpress.me\/index.php\/wp-json\/wp\/v2\/product_tag?post=46504"}],"curies":[{"name":"wp","href":"https:\/\/api.w.org\/{rel}","templated":true}]}}