{"id":46512,"date":"2026-04-21T00:33:22","date_gmt":"2026-04-21T00:33:22","guid":{"rendered":"https:\/\/singuli.wpress.me\/index.php\/proizvod\/tmnt-osnovna-figura-zlocesti-decki\/"},"modified":"2026-04-21T00:33:22","modified_gmt":"2026-04-21T00:33:22","slug":"tmnt-osnovna-figura-zlocesti-decki","status":"publish","type":"product","link":"https:\/\/singuli.wpress.me\/index.php\/proizvod\/tmnt-osnovna-figura-zlocesti-decki\/","title":{"rendered":"TMNT, osnovna figura, zlo\u010desti de\u010dki"},"content":{"rendered":"<p>\u010clanovi misterioznog zlo\u010dina\u010dkog udru\u017eenja &#8211; vojska mutanata &#8211; opaki su likovi i opasni kriminalci koji \u0107e kornja\u010dama zagor\u010dati \u017eivot. Superfly &#8211; humanoidna muha visoke inteligencije; Bebop &#8211; bradavi\u010dasta svinja sa stilom i kratkim fitiljem; Rocksteady &#8211; mi\u0161i\u0107av i jak poput tenka; Leatherhead &#8211; krokodil pun instinkta i vjeran svojim korijenima. <\/p>\n<p>Dob: 4+<\/p>\n","protected":false},"excerpt":{"rendered":"<p>Igra\u010dka dolazi u vi\u0161e razli\u010ditih modela<br \/>\nBoje i dekoracije mogu se razlikovati<br \/>\nDob: 4+<\/p>\n","protected":false},"featured_media":46513,"template":"","meta":{"_seopress_robots_primary_cat":"","_seopress_titles_title":"","_seopress_titles_desc":"","_seopress_robots_index":"","iawp_total_views":0},"product_brand":[915],"product_cat":[221,263],"product_tag":[],"class_list":{"0":"post-46512","1":"product","2":"type-product","3":"status-publish","4":"has-post-thumbnail","6":"product_brand-tmnt","7":"product_cat-igracke","8":"product_cat-tematske-igracke-221","10":"first","11":"instock","12":"shipping-taxable","13":"purchasable","14":"product-type-simple"},"_links":{"self":[{"href":"https:\/\/singuli.wpress.me\/index.php\/wp-json\/wp\/v2\/product\/46512","targetHints":{"allow":["GET"]}}],"collection":[{"href":"https:\/\/singuli.wpress.me\/index.php\/wp-json\/wp\/v2\/product"}],"about":[{"href":"https:\/\/singuli.wpress.me\/index.php\/wp-json\/wp\/v2\/types\/product"}],"version-history":[{"count":0,"href":"https:\/\/singuli.wpress.me\/index.php\/wp-json\/wp\/v2\/product\/46512\/revisions"}],"wp:featuredmedia":[{"embeddable":true,"href":"https:\/\/singuli.wpress.me\/index.php\/wp-json\/wp\/v2\/media\/46513"}],"wp:attachment":[{"href":"https:\/\/singuli.wpress.me\/index.php\/wp-json\/wp\/v2\/media?parent=46512"}],"wp:term":[{"taxonomy":"product_brand","embeddable":true,"href":"https:\/\/singuli.wpress.me\/index.php\/wp-json\/wp\/v2\/product_brand?post=46512"},{"taxonomy":"product_cat","embeddable":true,"href":"https:\/\/singuli.wpress.me\/index.php\/wp-json\/wp\/v2\/product_cat?post=46512"},{"taxonomy":"product_tag","embeddable":true,"href":"https:\/\/singuli.wpress.me\/index.php\/wp-json\/wp\/v2\/product_tag?post=46512"}],"curies":[{"name":"wp","href":"https:\/\/api.w.org\/{rel}","templated":true}]}}