{"id":46526,"date":"2026-04-21T00:33:36","date_gmt":"2026-04-21T00:33:36","guid":{"rendered":"https:\/\/singuli.wpress.me\/index.php\/proizvod\/misfittens-plisana-igracka-misfittens\/"},"modified":"2026-04-21T00:33:36","modified_gmt":"2026-04-21T00:33:36","slug":"misfittens-plisana-igracka-misfittens","status":"publish","type":"product","link":"https:\/\/singuli.wpress.me\/index.php\/proizvod\/misfittens-plisana-igracka-misfittens\/","title":{"rendered":"MISFITTENS, pli\u0161ana igra\u010dka, Misfittens"},"content":{"rendered":"<p>Jedva da su stale \u2013 u kutijice male,<br \/>\nTo su na\u0161e ma\u010dke MISFITTENS!<br \/>\nIzvuci me van &#8211; veliku i mekanu,<br \/>\nZa tebe stvorenu &#8211; slatku i pufastu.<br \/>\nUguraju se svuda \u2013 ma gle ti \u010duda,<br \/>\nMISFITTENS \u2013 tvoja ma\u010dka luda!<\/p>\n<p>Usko je? Malo je mjesta? Onda je za nas!<\/p>\n<p>Misfittens &#8211; smije\u0161ne pli\u0161ane ma\u010dke &#8211; stanu svuda i ni\u0161ta im nije premalo, ili barem tako misle! <\/p>\n<p>Izra\u0111ene od mekanog materijala, idealne su za ma\u017eenje ili uguravanje u male prostore!<\/p>\n<p>Spasi svoju Misfittens ma\u010dku iz njenog spremi\u0161ta i gledaj kako naraste duplo!<\/p>\n<p>Ukupno 12 Misfittens vrsta za sakupiti! Svaka ima svoje \u0161are i boje, svaka svoju osobnost!<\/p>\n<p>Svaka dolazi u jednom od 8 zabavnih spremi\u0161ta i \u010deka da postane tvoja!  <\/p>\n<p>Dob: 4+<\/p>\n<p>Igra\u010dka dolazi u vi\u0161e razli\u010ditih modela, a isporuka ovisi o njihovoj trenutnoj raspolo\u017eivosti. <\/p>\n","protected":false},"excerpt":{"rendered":"<p>Smije\u0161ne pli\u0161ane ma\u010dke<br \/>\nUkupno 12 Misfittens vrsta za sakupiti<br \/>\nSvaka dolazi u jednom od 8 zabavnih spremi\u0161ta<\/p>\n","protected":false},"featured_media":46527,"template":"","meta":{"_seopress_robots_primary_cat":"","_seopress_titles_title":"","_seopress_titles_desc":"","_seopress_robots_index":"","iawp_total_views":0},"product_brand":[917],"product_cat":[221,291],"product_tag":[],"class_list":{"0":"post-46526","1":"product","2":"type-product","3":"status-publish","4":"has-post-thumbnail","6":"product_brand-misfittens","7":"product_cat-igracke","8":"product_cat-igracke-za-djecu-221","10":"first","11":"instock","12":"shipping-taxable","13":"purchasable","14":"product-type-simple"},"_links":{"self":[{"href":"https:\/\/singuli.wpress.me\/index.php\/wp-json\/wp\/v2\/product\/46526","targetHints":{"allow":["GET"]}}],"collection":[{"href":"https:\/\/singuli.wpress.me\/index.php\/wp-json\/wp\/v2\/product"}],"about":[{"href":"https:\/\/singuli.wpress.me\/index.php\/wp-json\/wp\/v2\/types\/product"}],"version-history":[{"count":0,"href":"https:\/\/singuli.wpress.me\/index.php\/wp-json\/wp\/v2\/product\/46526\/revisions"}],"wp:featuredmedia":[{"embeddable":true,"href":"https:\/\/singuli.wpress.me\/index.php\/wp-json\/wp\/v2\/media\/46527"}],"wp:attachment":[{"href":"https:\/\/singuli.wpress.me\/index.php\/wp-json\/wp\/v2\/media?parent=46526"}],"wp:term":[{"taxonomy":"product_brand","embeddable":true,"href":"https:\/\/singuli.wpress.me\/index.php\/wp-json\/wp\/v2\/product_brand?post=46526"},{"taxonomy":"product_cat","embeddable":true,"href":"https:\/\/singuli.wpress.me\/index.php\/wp-json\/wp\/v2\/product_cat?post=46526"},{"taxonomy":"product_tag","embeddable":true,"href":"https:\/\/singuli.wpress.me\/index.php\/wp-json\/wp\/v2\/product_tag?post=46526"}],"curies":[{"name":"wp","href":"https:\/\/api.w.org\/{rel}","templated":true}]}}