{"id":46532,"date":"2026-04-21T00:33:40","date_gmt":"2026-04-21T00:33:40","guid":{"rendered":"https:\/\/singuli.wpress.me\/index.php\/proizvod\/barbie-lutka-set-s-kolicima-i-psicima\/"},"modified":"2026-04-21T00:33:40","modified_gmt":"2026-04-21T00:33:40","slug":"barbie-lutka-set-s-kolicima-i-psicima","status":"publish","type":"product","link":"https:\/\/singuli.wpress.me\/index.php\/proizvod\/barbie-lutka-set-s-kolicima-i-psicima\/","title":{"rendered":"BARBIE, lutka set s kolicima i psicima"},"content":{"rendered":"<p>Kolica se jednostavno prilago\u0111avaju kako bi oba \u0161tenca mogla u\u0107i u nju!<\/p>\n<p>Pomozite lutki i \u010dvrsto pri\u010dvrstite ru\u010dku kolica i staza puna zabave mo\u017ee se nastaviti!<\/p>\n<p>Barbie lutka nosi udobnu odje\u0107u i obu\u0107u u \u0161etnji.<\/p>\n<p>Uz lutku dolaze i dodatci, kao \u0161to su npr. vre\u0107ica za \u0161tence ili pribor kako bi zabava bila jo\u0161 bolja!<\/p>\n<p>Dob: 3 godine + <\/p>\n<p>Igra\u010dka dolazi u vi\u0161e razli\u010ditih modela, a isporuka ovisi o njihovoj trenutnoj raspolo\u017eivosti. <\/p>\n","protected":false},"excerpt":{"rendered":"<p>Uz lutku dolaze i dodaci<br \/>\nIgra\u010dka dolazi u vi\u0161e razli\u010ditih modela<br \/>\nDob: 3+ god<\/p>\n","protected":false},"featured_media":46533,"template":"","meta":{"_seopress_robots_primary_cat":"","_seopress_titles_title":"","_seopress_titles_desc":"","_seopress_robots_index":"","iawp_total_views":0},"product_brand":[324],"product_cat":[221,291],"product_tag":[],"class_list":{"0":"post-46532","1":"product","2":"type-product","3":"status-publish","4":"has-post-thumbnail","6":"product_brand-barbie","7":"product_cat-igracke","8":"product_cat-igracke-za-djecu-221","10":"first","11":"outofstock","12":"shipping-taxable","13":"purchasable","14":"product-type-simple"},"_links":{"self":[{"href":"https:\/\/singuli.wpress.me\/index.php\/wp-json\/wp\/v2\/product\/46532","targetHints":{"allow":["GET"]}}],"collection":[{"href":"https:\/\/singuli.wpress.me\/index.php\/wp-json\/wp\/v2\/product"}],"about":[{"href":"https:\/\/singuli.wpress.me\/index.php\/wp-json\/wp\/v2\/types\/product"}],"version-history":[{"count":0,"href":"https:\/\/singuli.wpress.me\/index.php\/wp-json\/wp\/v2\/product\/46532\/revisions"}],"wp:featuredmedia":[{"embeddable":true,"href":"https:\/\/singuli.wpress.me\/index.php\/wp-json\/wp\/v2\/media\/46533"}],"wp:attachment":[{"href":"https:\/\/singuli.wpress.me\/index.php\/wp-json\/wp\/v2\/media?parent=46532"}],"wp:term":[{"taxonomy":"product_brand","embeddable":true,"href":"https:\/\/singuli.wpress.me\/index.php\/wp-json\/wp\/v2\/product_brand?post=46532"},{"taxonomy":"product_cat","embeddable":true,"href":"https:\/\/singuli.wpress.me\/index.php\/wp-json\/wp\/v2\/product_cat?post=46532"},{"taxonomy":"product_tag","embeddable":true,"href":"https:\/\/singuli.wpress.me\/index.php\/wp-json\/wp\/v2\/product_tag?post=46532"}],"curies":[{"name":"wp","href":"https:\/\/api.w.org\/{rel}","templated":true}]}}