{"id":46538,"date":"2026-04-21T00:33:42","date_gmt":"2026-04-21T00:33:42","guid":{"rendered":"https:\/\/singuli.wpress.me\/index.php\/proizvod\/headshoulders-deep-cleanse-scalp-detox-sampon-protiv-peruti-300-ml\/"},"modified":"2026-04-23T00:28:10","modified_gmt":"2026-04-23T00:28:10","slug":"headshoulders-deep-cleanse-scalp-detox-sampon-protiv-peruti-300-ml","status":"publish","type":"product","link":"https:\/\/singuli.wpress.me\/proizvod\/headshoulders-deep-cleanse-scalp-detox-sampon-protiv-peruti-300-ml\/","title":{"rendered":"HEAD&amp;SHOULDERS Deep Cleanse Scalp Detox, \u0161ampon protiv peruti, 300\u00a0ml"},"content":{"rendered":"<p>\u0160ampon protiv peruti Head &amp; Shoulders Deep Cleanse <span style=\"font-weight: bold\">pru\u017ea na\u0161e najdublje \u010di\u0161\u0107enje vlasi\u0161ta<\/span>. <\/p>\n<p>Ovaj \u0161ampon za detoksikaciju vlasi\u0161ta, oboga\u0107en morskim mineralima, posebno je osmi\u0161ljen da prodre duboko u pore vlasi\u0161ta radi suzbijanja masno\u0107e, ljuskica i svrbe\u017ea. Pritom pru\u017ea osje\u0107aj temeljitog \u010di\u0161\u0107enja, a vlasi\u0161te i kosu ostavlja do 100% bez peruti*. <\/p>\n<p>Njegova formula ne sadr\u017eava silikone, uravnote\u017eenog je pH i oboga\u0107ena je antioksidansima. Bo\u010dica je izra\u0111ena od 100% reciklirane plastike (osim poklopca i bojila) i mo\u017ee se reciklirati (osim poklopca i ovisno o postrojenjima za recikliranje) <\/p>\n<p>*vidljive ljuskice, uz redovitu upotrebu<\/p>\n","protected":false},"excerpt":{"rendered":"<p>\u0160ampon protiv peruti za dubinsko \u010di\u0161\u0107enje i umirivanje vlasi\u0161ta, oboga\u0107en morskim mineralima<br \/>\nDo 100% bez peruti (vidljive ljuskice, uz redovitu upotrebu)<br \/>\nZa dubinsko \u010di\u0161\u0107enje i novi do\u017eivljaj osvje\u017eenja<\/p>\n","protected":false},"featured_media":46539,"template":"","meta":{"_seopress_robots_primary_cat":"","_seopress_titles_title":"","_seopress_titles_desc":"","_seopress_robots_index":"","iawp_total_views":0},"product_brand":[443],"product_cat":[268,300],"product_tag":[],"class_list":{"0":"post-46538","1":"product","2":"type-product","3":"status-publish","4":"has-post-thumbnail","6":"product_brand-headshoulders","7":"product_cat-kozmetika-2","8":"product_cat-njega-kose-268","10":"first","11":"outofstock","12":"shipping-taxable","13":"purchasable","14":"product-type-simple"},"_links":{"self":[{"href":"https:\/\/singuli.wpress.me\/wp-json\/wp\/v2\/product\/46538","targetHints":{"allow":["GET"]}}],"collection":[{"href":"https:\/\/singuli.wpress.me\/wp-json\/wp\/v2\/product"}],"about":[{"href":"https:\/\/singuli.wpress.me\/wp-json\/wp\/v2\/types\/product"}],"version-history":[{"count":1,"href":"https:\/\/singuli.wpress.me\/wp-json\/wp\/v2\/product\/46538\/revisions"}],"predecessor-version":[{"id":49339,"href":"https:\/\/singuli.wpress.me\/wp-json\/wp\/v2\/product\/46538\/revisions\/49339"}],"wp:featuredmedia":[{"embeddable":true,"href":"https:\/\/singuli.wpress.me\/wp-json\/wp\/v2\/media\/46539"}],"wp:attachment":[{"href":"https:\/\/singuli.wpress.me\/wp-json\/wp\/v2\/media?parent=46538"}],"wp:term":[{"taxonomy":"product_brand","embeddable":true,"href":"https:\/\/singuli.wpress.me\/wp-json\/wp\/v2\/product_brand?post=46538"},{"taxonomy":"product_cat","embeddable":true,"href":"https:\/\/singuli.wpress.me\/wp-json\/wp\/v2\/product_cat?post=46538"},{"taxonomy":"product_tag","embeddable":true,"href":"https:\/\/singuli.wpress.me\/wp-json\/wp\/v2\/product_tag?post=46538"}],"curies":[{"name":"wp","href":"https:\/\/api.w.org\/{rel}","templated":true}]}}