{"id":46544,"date":"2026-04-21T00:33:45","date_gmt":"2026-04-21T00:33:45","guid":{"rendered":"https:\/\/singuli.wpress.me\/index.php\/proizvod\/kookyloos-avin-ormar\/"},"modified":"2026-04-21T00:33:45","modified_gmt":"2026-04-21T00:33:45","slug":"kookyloos-avin-ormar","status":"publish","type":"product","link":"https:\/\/singuli.wpress.me\/index.php\/proizvod\/kookyloos-avin-ormar\/","title":{"rendered":"KOOKYLOOS, Avin ormar"},"content":{"rendered":"<p>Ava je glamurozna i sjajna djevojka &#8211; ba\u0161 kao i njena odje\u0107a. Obo\u017eava \u0161ljokice pa su njene haljine super elegantne. U zlatnoj haljini spremna je zasjati i zabaviti se!<\/p>\n<p>Dodatke dr\u017ei u ormaru, a Avu povedi gdje god po\u017eeli\u0161!<\/p>\n<p>Preporu\u010dena dob: 3+<\/p>\n","protected":false},"excerpt":{"rendered":"<p>Zabavna dru\u0161tvena igra<br \/>\nU kutiji dolazi lutkica s dodacima<br \/>\nDob: 3+<\/p>\n","protected":false},"featured_media":46545,"template":"","meta":{"_seopress_robots_primary_cat":"","_seopress_titles_title":"","_seopress_titles_desc":"","_seopress_robots_index":"","iawp_total_views":0},"product_brand":[533],"product_cat":[221,291],"product_tag":[],"class_list":{"0":"post-46544","1":"product","2":"type-product","3":"status-publish","4":"has-post-thumbnail","6":"product_brand-kookyloos","7":"product_cat-igracke","8":"product_cat-igracke-za-djecu-221","10":"first","11":"instock","12":"shipping-taxable","13":"purchasable","14":"product-type-simple"},"_links":{"self":[{"href":"https:\/\/singuli.wpress.me\/index.php\/wp-json\/wp\/v2\/product\/46544","targetHints":{"allow":["GET"]}}],"collection":[{"href":"https:\/\/singuli.wpress.me\/index.php\/wp-json\/wp\/v2\/product"}],"about":[{"href":"https:\/\/singuli.wpress.me\/index.php\/wp-json\/wp\/v2\/types\/product"}],"version-history":[{"count":0,"href":"https:\/\/singuli.wpress.me\/index.php\/wp-json\/wp\/v2\/product\/46544\/revisions"}],"wp:featuredmedia":[{"embeddable":true,"href":"https:\/\/singuli.wpress.me\/index.php\/wp-json\/wp\/v2\/media\/46545"}],"wp:attachment":[{"href":"https:\/\/singuli.wpress.me\/index.php\/wp-json\/wp\/v2\/media?parent=46544"}],"wp:term":[{"taxonomy":"product_brand","embeddable":true,"href":"https:\/\/singuli.wpress.me\/index.php\/wp-json\/wp\/v2\/product_brand?post=46544"},{"taxonomy":"product_cat","embeddable":true,"href":"https:\/\/singuli.wpress.me\/index.php\/wp-json\/wp\/v2\/product_cat?post=46544"},{"taxonomy":"product_tag","embeddable":true,"href":"https:\/\/singuli.wpress.me\/index.php\/wp-json\/wp\/v2\/product_tag?post=46544"}],"curies":[{"name":"wp","href":"https:\/\/api.w.org\/{rel}","templated":true}]}}