{"id":46555,"date":"2026-04-21T00:33:50","date_gmt":"2026-04-21T00:33:50","guid":{"rendered":"https:\/\/singuli.wpress.me\/index.php\/proizvod\/tuban-veliki-set-za-mjehurice-s-tanjurom-i-prstenima\/"},"modified":"2026-04-23T00:28:10","modified_gmt":"2026-04-23T00:28:10","slug":"tuban-veliki-set-za-mjehurice-s-tanjurom-i-prstenima","status":"publish","type":"product","link":"https:\/\/singuli.wpress.me\/proizvod\/tuban-veliki-set-za-mjehurice-s-tanjurom-i-prstenima\/","title":{"rendered":"TUBAN, veliki set za mjehuri\u0107e s tanjurom i prstenima"},"content":{"rendered":"<p><span style=\"font-weight: bold\">VELIKI SET <\/span>za mjehuri\u0107e i tunele <span style=\"font-weight: bold\">sadr\u017ei:<br \/>\n<\/span>&#8211; 3 prstena za izradu raznih veli\u010dina mjehuri\u0107a<br \/>\n&#8211; 250 ml Tuban teku\u0107ine za velike mjehuri\u0107e i tanjur za teku\u0107inu<\/p>\n<p>Dob: 3+<\/p>\n","protected":false},"excerpt":{"rendered":"<p>3 prstena za izradu raznih veli\u010dina mjehuri\u0107a<br \/>\nUz set dolazi 250 ml teku\u0107ine za mjehuri\u0107e<br \/>\nDob: 3+ god<\/p>\n","protected":false},"featured_media":46556,"template":"","meta":{"_seopress_robots_primary_cat":"","_seopress_titles_title":"","_seopress_titles_desc":"","_seopress_robots_index":"","iawp_total_views":0},"product_brand":[492],"product_cat":[274,238],"product_tag":[],"class_list":{"0":"post-46555","1":"product","2":"type-product","3":"status-publish","4":"has-post-thumbnail","6":"product_brand-tuban","7":"product_cat-kucanski-pribor-238","8":"product_cat-sve-za-dom","10":"first","11":"instock","12":"shipping-taxable","13":"purchasable","14":"product-type-simple"},"_links":{"self":[{"href":"https:\/\/singuli.wpress.me\/wp-json\/wp\/v2\/product\/46555","targetHints":{"allow":["GET"]}}],"collection":[{"href":"https:\/\/singuli.wpress.me\/wp-json\/wp\/v2\/product"}],"about":[{"href":"https:\/\/singuli.wpress.me\/wp-json\/wp\/v2\/types\/product"}],"version-history":[{"count":0,"href":"https:\/\/singuli.wpress.me\/wp-json\/wp\/v2\/product\/46555\/revisions"}],"wp:featuredmedia":[{"embeddable":true,"href":"https:\/\/singuli.wpress.me\/wp-json\/wp\/v2\/media\/46556"}],"wp:attachment":[{"href":"https:\/\/singuli.wpress.me\/wp-json\/wp\/v2\/media?parent=46555"}],"wp:term":[{"taxonomy":"product_brand","embeddable":true,"href":"https:\/\/singuli.wpress.me\/wp-json\/wp\/v2\/product_brand?post=46555"},{"taxonomy":"product_cat","embeddable":true,"href":"https:\/\/singuli.wpress.me\/wp-json\/wp\/v2\/product_cat?post=46555"},{"taxonomy":"product_tag","embeddable":true,"href":"https:\/\/singuli.wpress.me\/wp-json\/wp\/v2\/product_tag?post=46555"}],"curies":[{"name":"wp","href":"https:\/\/api.w.org\/{rel}","templated":true}]}}