{"id":46557,"date":"2026-04-21T00:33:51","date_gmt":"2026-04-21T00:33:51","guid":{"rendered":"https:\/\/singuli.wpress.me\/index.php\/proizvod\/hot-wheels-city-trgovina-guma-set\/"},"modified":"2026-04-21T00:33:51","modified_gmt":"2026-04-21T00:33:51","slug":"hot-wheels-city-trgovina-guma-set","status":"publish","type":"product","link":"https:\/\/singuli.wpress.me\/index.php\/proizvod\/hot-wheels-city-trgovina-guma-set\/","title":{"rendered":"HOT WHEELS City trgovina guma, set"},"content":{"rendered":"<p>Postavi Hot Wheels auti\u0107 na dizalo, podigni ga i pusti ga da pro\u0111e kroz instalaciju guma kroz koju mo\u017ee\u0161 pratiti kako se kre\u0107e! Kako okre\u0107e\u0161 navoj u sredini, tako se auti\u0107 pomi\u010de kroz gume prema vrhu piste od kuda kre\u0107e u nove akrobacije!<br \/>\nSet uklju\u010duje 1 Hot Wheels auti\u0107, ali do 4 auti\u0107a mogu u isto vrijeme biti na pisti u strukturi guma za neprestanu akciju i zanimljivu igru.<br \/>\nOstali Hot Wheels auti\u0107i prodaju se odvojeno.<\/p>\n","protected":false},"excerpt":{"rendered":"<p>Uklju\u010duje 1 Hot Wheels auti\u0107<br \/>\ndo 4 auti\u0107a<br \/>\nMo\u017eete se pri\u010dvrstiti  na druge setove Hot Wheels City<\/p>\n","protected":false},"featured_media":46558,"template":"","meta":{"_seopress_robots_primary_cat":"","_seopress_titles_title":"","_seopress_titles_desc":"","_seopress_robots_index":"","iawp_total_views":0},"product_brand":[429],"product_cat":[221,291],"product_tag":[],"class_list":{"0":"post-46557","1":"product","2":"type-product","3":"status-publish","4":"has-post-thumbnail","6":"product_brand-hot-wheels","7":"product_cat-igracke","8":"product_cat-igracke-za-djecu-221","10":"first","11":"outofstock","12":"shipping-taxable","13":"purchasable","14":"product-type-simple"},"_links":{"self":[{"href":"https:\/\/singuli.wpress.me\/index.php\/wp-json\/wp\/v2\/product\/46557","targetHints":{"allow":["GET"]}}],"collection":[{"href":"https:\/\/singuli.wpress.me\/index.php\/wp-json\/wp\/v2\/product"}],"about":[{"href":"https:\/\/singuli.wpress.me\/index.php\/wp-json\/wp\/v2\/types\/product"}],"version-history":[{"count":0,"href":"https:\/\/singuli.wpress.me\/index.php\/wp-json\/wp\/v2\/product\/46557\/revisions"}],"wp:featuredmedia":[{"embeddable":true,"href":"https:\/\/singuli.wpress.me\/index.php\/wp-json\/wp\/v2\/media\/46558"}],"wp:attachment":[{"href":"https:\/\/singuli.wpress.me\/index.php\/wp-json\/wp\/v2\/media?parent=46557"}],"wp:term":[{"taxonomy":"product_brand","embeddable":true,"href":"https:\/\/singuli.wpress.me\/index.php\/wp-json\/wp\/v2\/product_brand?post=46557"},{"taxonomy":"product_cat","embeddable":true,"href":"https:\/\/singuli.wpress.me\/index.php\/wp-json\/wp\/v2\/product_cat?post=46557"},{"taxonomy":"product_tag","embeddable":true,"href":"https:\/\/singuli.wpress.me\/index.php\/wp-json\/wp\/v2\/product_tag?post=46557"}],"curies":[{"name":"wp","href":"https:\/\/api.w.org\/{rel}","templated":true}]}}