{"id":46567,"date":"2026-04-21T00:33:55","date_gmt":"2026-04-21T00:33:55","guid":{"rendered":"https:\/\/singuli.wpress.me\/index.php\/proizvod\/gillette-venus-smooth-sensitive-brijac-2-zamjenske-britvice\/"},"modified":"2026-04-21T00:33:55","modified_gmt":"2026-04-21T00:33:55","slug":"gillette-venus-smooth-sensitive-brijac-2-zamjenske-britvice","status":"publish","type":"product","link":"https:\/\/singuli.wpress.me\/index.php\/proizvod\/gillette-venus-smooth-sensitive-brijac-2-zamjenske-britvice\/","title":{"rendered":"GILLETTE Venus Smooth Sensitive, brija\u010d, 2 zamjenske britvice"},"content":{"rendered":"<p>Gillette Venus Smooth Sensitive brija\u010d ima 3 o\u0161trice koje prate konture tijela. Takve o\u0161trice u kombinaciji s lubrikantnom trakicom SkinElixir \u010dine ovaj brija\u010d prikladnim za \u017eene s osjetljivom ko\u017eom. Kad je brijanje tako 100 % glatko, savr\u0161eno je logi\u010dno da \u0107e 0 % \u017eena osjetiti iritacije.* U ovom paketu dobivate 1 dr\u0161ku i 2 zamjenske britvice. S dr\u0161kom ina\u010de mo\u017eete koristiti sve zamjenske britvice Venus.<br \/>\n*Prema ispitivanju mi\u0161ljenja kupaca u SAD-u, provedenom u velja\u010di 2018.<\/p>\n","protected":false},"excerpt":{"rendered":"<p>brija\u010d s 3 o\u0161trice koje prate konture tijela<br \/>\ndermatolo\u0161ki testiran za osjetljivu ko\u017eu<br \/>\ndr\u0161ka + 2 zamjenjive britvice<\/p>\n","protected":false},"featured_media":46568,"template":"","meta":{"_seopress_robots_primary_cat":"","_seopress_titles_title":"","_seopress_titles_desc":"","_seopress_robots_index":"","iawp_total_views":0},"product_brand":[323],"product_cat":[280,192,279],"product_tag":[],"class_list":{"0":"post-46567","1":"product","2":"type-product","3":"status-publish","4":"has-post-thumbnail","6":"product_brand-gillette","7":"product_cat-aparati-za-muskarce-279","8":"product_cat-aparati-za-osobnu-njegu","9":"product_cat-brijanje-i-sisanje-192","11":"first","12":"outofstock","13":"shipping-taxable","14":"purchasable","15":"product-type-simple"},"_links":{"self":[{"href":"https:\/\/singuli.wpress.me\/index.php\/wp-json\/wp\/v2\/product\/46567","targetHints":{"allow":["GET"]}}],"collection":[{"href":"https:\/\/singuli.wpress.me\/index.php\/wp-json\/wp\/v2\/product"}],"about":[{"href":"https:\/\/singuli.wpress.me\/index.php\/wp-json\/wp\/v2\/types\/product"}],"version-history":[{"count":0,"href":"https:\/\/singuli.wpress.me\/index.php\/wp-json\/wp\/v2\/product\/46567\/revisions"}],"wp:featuredmedia":[{"embeddable":true,"href":"https:\/\/singuli.wpress.me\/index.php\/wp-json\/wp\/v2\/media\/46568"}],"wp:attachment":[{"href":"https:\/\/singuli.wpress.me\/index.php\/wp-json\/wp\/v2\/media?parent=46567"}],"wp:term":[{"taxonomy":"product_brand","embeddable":true,"href":"https:\/\/singuli.wpress.me\/index.php\/wp-json\/wp\/v2\/product_brand?post=46567"},{"taxonomy":"product_cat","embeddable":true,"href":"https:\/\/singuli.wpress.me\/index.php\/wp-json\/wp\/v2\/product_cat?post=46567"},{"taxonomy":"product_tag","embeddable":true,"href":"https:\/\/singuli.wpress.me\/index.php\/wp-json\/wp\/v2\/product_tag?post=46567"}],"curies":[{"name":"wp","href":"https:\/\/api.w.org\/{rel}","templated":true}]}}