{"id":46571,"date":"2026-04-21T00:33:57","date_gmt":"2026-04-21T00:33:57","guid":{"rendered":"https:\/\/singuli.wpress.me\/index.php\/proizvod\/fisher-price-svjetleca-duga-za-umirivanje-za-umirivanje\/"},"modified":"2026-04-21T00:33:57","modified_gmt":"2026-04-21T00:33:57","slug":"fisher-price-svjetleca-duga-za-umirivanje-za-umirivanje","status":"publish","type":"product","link":"https:\/\/singuli.wpress.me\/index.php\/proizvod\/fisher-price-svjetleca-duga-za-umirivanje-za-umirivanje\/","title":{"rendered":"FISHER PRICE, svjetle\u0107a duga za umirivanje, za umirivanje"},"content":{"rendered":"<p>Glazbeni ure\u0111aj za dje\u010dju sobu s toplim bojama i nje\u017enim svjetlosnim uzorcima koji poma\u017eu umiriti i opustiti va\u0161u bebu.<br \/>\nOdaberite 15, 30 ili 45 minuta umiruju\u0107ih zvukova prirode, bijelog \u0161uma ili posebno dizajniranog popisa za reprodukciju Ready, Settle, Sleep kako biste opustili svog mali\u0161ana. Osim toga, mo\u017eete podesiti glasno\u0107u na visoku, nisku ili uti\u0161anu za opu\u0161tanje samo uz svjetla.<br \/>\nTople dugine boje i ugodna svjetla poma\u017eu anga\u017eirati vizualna osjetila va\u0161eg mali\u0161ana.<br \/>\nUnesite \u010darobni sjaj duge u svoj dom uz Soothe &amp; Glow Rainbow\u2122 Sound Machine tvrtke Fisher-Price\u00ae. Ova opu\u0161taju\u0107a duga poma\u017ee umiriti i utje\u0161iti va\u0161u bebu kod ku\u0107e ili gdje god idete uz umiruju\u0107a svjetla i prilagodljivu glazbu i zvukove.<br \/>\nKompaktan i jednostavan za ponijeti sa sobom izvan ku\u0107e.<br \/>\nPogodna je za bebe od ro\u0111enja.<br \/>\nDjeca mogu lako pritisnuti gumb na vrhu kako bi uklju\u010dili svjetle\u0107u dugu.<br \/>\nOva igra\u010dka poma\u017ee bebama u razvoju:<br \/>\n\u2022 Senzorne vje\u0161tine<br \/>\n\u2022 Rutine spavanja<br \/>\n\u2022 Osje\u0107aja sigurnosti<\/p>\n","protected":false},"excerpt":{"rendered":"<p>Umiruje bebe<br \/>\nDob: 3+ mjeseca<br \/>\nKompaktan i jednostavan<\/p>\n","protected":false},"featured_media":46572,"template":"","meta":{"_seopress_robots_primary_cat":"","_seopress_titles_title":"","_seopress_titles_desc":"","_seopress_robots_index":"","iawp_total_views":0},"product_brand":[458],"product_cat":[221,291],"product_tag":[],"class_list":{"0":"post-46571","1":"product","2":"type-product","3":"status-publish","4":"has-post-thumbnail","6":"product_brand-fisher-price","7":"product_cat-igracke","8":"product_cat-igracke-za-djecu-221","10":"first","11":"outofstock","12":"shipping-taxable","13":"purchasable","14":"product-type-simple"},"_links":{"self":[{"href":"https:\/\/singuli.wpress.me\/index.php\/wp-json\/wp\/v2\/product\/46571","targetHints":{"allow":["GET"]}}],"collection":[{"href":"https:\/\/singuli.wpress.me\/index.php\/wp-json\/wp\/v2\/product"}],"about":[{"href":"https:\/\/singuli.wpress.me\/index.php\/wp-json\/wp\/v2\/types\/product"}],"version-history":[{"count":0,"href":"https:\/\/singuli.wpress.me\/index.php\/wp-json\/wp\/v2\/product\/46571\/revisions"}],"wp:featuredmedia":[{"embeddable":true,"href":"https:\/\/singuli.wpress.me\/index.php\/wp-json\/wp\/v2\/media\/46572"}],"wp:attachment":[{"href":"https:\/\/singuli.wpress.me\/index.php\/wp-json\/wp\/v2\/media?parent=46571"}],"wp:term":[{"taxonomy":"product_brand","embeddable":true,"href":"https:\/\/singuli.wpress.me\/index.php\/wp-json\/wp\/v2\/product_brand?post=46571"},{"taxonomy":"product_cat","embeddable":true,"href":"https:\/\/singuli.wpress.me\/index.php\/wp-json\/wp\/v2\/product_cat?post=46571"},{"taxonomy":"product_tag","embeddable":true,"href":"https:\/\/singuli.wpress.me\/index.php\/wp-json\/wp\/v2\/product_tag?post=46571"}],"curies":[{"name":"wp","href":"https:\/\/api.w.org\/{rel}","templated":true}]}}