{"id":46579,"date":"2026-04-21T00:33:59","date_gmt":"2026-04-21T00:33:59","guid":{"rendered":"https:\/\/singuli.wpress.me\/index.php\/proizvod\/hot-wheels-city-vatrogasna-stanica-set\/"},"modified":"2026-04-21T00:33:59","modified_gmt":"2026-04-21T00:33:59","slug":"hot-wheels-city-vatrogasna-stanica-set","status":"publish","type":"product","link":"https:\/\/singuli.wpress.me\/index.php\/proizvod\/hot-wheels-city-vatrogasna-stanica-set\/","title":{"rendered":"HOT WHEELS City vatrogasna stanica, set"},"content":{"rendered":"<p>Utrkujte se kroz ovu zabavnu i avanturisti\u010dnu petlju kako biste spasili Hot Wheels\u2122 City!<br \/>\nDjeca mogu podi\u0107i vatrogasno vozilo na jednu od tri razine, a na svakoj razini ga mogu postaviti na ozna\u010deno mjesto i poslati ga kroz petlju!<\/p>\n<p>Ovaj fantasti\u010dan set sadr\u017ei zna\u010dajke koje ovaj vatrogasni set \u010dine zabavnim za igru: podesivo crijevo za vatrogasni hidrant, vrata koja se mogu otvoriti te gara\u017ena vrata.<br \/>\nDjeca mogu parkirati dodatne automobile iz svoje kolekcije na parkirnim mjestima.<\/p>\n<p>Set uklju\u010duje jedno vatrogasno vozilo Hot Wheels\u00ae. Dodatna vozila prodaju se zasebno.<br \/>\nSet se mo\u017ee povezati s drugim Hot Wheels\u00ae setovima te djeca mogu izgraditi Hot Wheels grad prema vlastitim \u017eeljama.<\/p>\n<p>Sjajan je poklon za djecu od 4+ godina.<\/p>\n","protected":false},"excerpt":{"rendered":"<p>Uklju\u010duje jedno vatrogasno vozilo Hot Wheels<br \/>\nDob: 4+ godine<br \/>\nMo\u017eete se pri\u010dvrstiti  na druge setove Hot Wheels City<\/p>\n","protected":false},"featured_media":46580,"template":"","meta":{"_seopress_robots_primary_cat":"","_seopress_titles_title":"","_seopress_titles_desc":"","_seopress_robots_index":"","iawp_total_views":0},"product_brand":[429],"product_cat":[221,291],"product_tag":[],"class_list":{"0":"post-46579","1":"product","2":"type-product","3":"status-publish","4":"has-post-thumbnail","6":"product_brand-hot-wheels","7":"product_cat-igracke","8":"product_cat-igracke-za-djecu-221","10":"first","11":"instock","12":"shipping-taxable","13":"purchasable","14":"product-type-simple"},"_links":{"self":[{"href":"https:\/\/singuli.wpress.me\/index.php\/wp-json\/wp\/v2\/product\/46579","targetHints":{"allow":["GET"]}}],"collection":[{"href":"https:\/\/singuli.wpress.me\/index.php\/wp-json\/wp\/v2\/product"}],"about":[{"href":"https:\/\/singuli.wpress.me\/index.php\/wp-json\/wp\/v2\/types\/product"}],"version-history":[{"count":0,"href":"https:\/\/singuli.wpress.me\/index.php\/wp-json\/wp\/v2\/product\/46579\/revisions"}],"wp:featuredmedia":[{"embeddable":true,"href":"https:\/\/singuli.wpress.me\/index.php\/wp-json\/wp\/v2\/media\/46580"}],"wp:attachment":[{"href":"https:\/\/singuli.wpress.me\/index.php\/wp-json\/wp\/v2\/media?parent=46579"}],"wp:term":[{"taxonomy":"product_brand","embeddable":true,"href":"https:\/\/singuli.wpress.me\/index.php\/wp-json\/wp\/v2\/product_brand?post=46579"},{"taxonomy":"product_cat","embeddable":true,"href":"https:\/\/singuli.wpress.me\/index.php\/wp-json\/wp\/v2\/product_cat?post=46579"},{"taxonomy":"product_tag","embeddable":true,"href":"https:\/\/singuli.wpress.me\/index.php\/wp-json\/wp\/v2\/product_tag?post=46579"}],"curies":[{"name":"wp","href":"https:\/\/api.w.org\/{rel}","templated":true}]}}