{"id":46585,"date":"2026-04-21T00:34:02","date_gmt":"2026-04-21T00:34:02","guid":{"rendered":"https:\/\/singuli.wpress.me\/index.php\/proizvod\/fisher-price-glazbena-podloga-raste-s-djetetom-3u1\/"},"modified":"2026-04-21T00:34:02","modified_gmt":"2026-04-21T00:34:02","slug":"fisher-price-glazbena-podloga-raste-s-djetetom-3u1","status":"publish","type":"product","link":"https:\/\/singuli.wpress.me\/index.php\/proizvod\/fisher-price-glazbena-podloga-raste-s-djetetom-3u1\/","title":{"rendered":"FISHER PRICE, glazbena podloga raste s djetetom, 3u1"},"content":{"rendered":"<p>Fisher-Price 3 u 1 glazbena podloga je mjesto na kojem \u0107e va\u0161a beba provesti zabavne trenutke za igru dok raste. Beba mo\u017ee hvatati i udarati 5 igra\u010daka s aktivnostima koje se mogu odvojiti i ponijeti sa sobom u \u0161etnju.<\/p>\n<p>Igra\u010dke su ogledalo, mekani je\u017e sa zve\u010dkom, grickalica pu\u017e bez BPA, igra\u010dka duginih boja i vidrica koja svijetli i svira. Vidrica reproducira 15 minuta glazbe i obasjava nje\u017eno svjetlo kako bi vrijeme igre bilo zabavnije, kako na podlozi tako i van nje.<\/p>\n<p>Kako beba raste, maknite dva lutka i mo\u017ee zapo\u010deti igra na trbu\u0161\u010di\u0107u. Podloga i igra\u010dke su u kontrastnim bojama \u0161to poma\u017ee vizualnom razvoju djeteta.<\/p>\n","protected":false},"excerpt":{"rendered":"<p>Poma\u017ee vizualnom razvoju djeteta<br \/>\n5 igra\u010daka s aktivnostima<br \/>\nIgra\u010dke su odvojive<\/p>\n","protected":false},"featured_media":46586,"template":"","meta":{"_seopress_robots_primary_cat":"","_seopress_titles_title":"","_seopress_titles_desc":"","_seopress_robots_index":"","iawp_total_views":0},"product_brand":[458],"product_cat":[221,291],"product_tag":[],"class_list":{"0":"post-46585","1":"product","2":"type-product","3":"status-publish","4":"has-post-thumbnail","6":"product_brand-fisher-price","7":"product_cat-igracke","8":"product_cat-igracke-za-djecu-221","10":"first","11":"outofstock","12":"shipping-taxable","13":"purchasable","14":"product-type-simple"},"_links":{"self":[{"href":"https:\/\/singuli.wpress.me\/index.php\/wp-json\/wp\/v2\/product\/46585","targetHints":{"allow":["GET"]}}],"collection":[{"href":"https:\/\/singuli.wpress.me\/index.php\/wp-json\/wp\/v2\/product"}],"about":[{"href":"https:\/\/singuli.wpress.me\/index.php\/wp-json\/wp\/v2\/types\/product"}],"version-history":[{"count":0,"href":"https:\/\/singuli.wpress.me\/index.php\/wp-json\/wp\/v2\/product\/46585\/revisions"}],"wp:featuredmedia":[{"embeddable":true,"href":"https:\/\/singuli.wpress.me\/index.php\/wp-json\/wp\/v2\/media\/46586"}],"wp:attachment":[{"href":"https:\/\/singuli.wpress.me\/index.php\/wp-json\/wp\/v2\/media?parent=46585"}],"wp:term":[{"taxonomy":"product_brand","embeddable":true,"href":"https:\/\/singuli.wpress.me\/index.php\/wp-json\/wp\/v2\/product_brand?post=46585"},{"taxonomy":"product_cat","embeddable":true,"href":"https:\/\/singuli.wpress.me\/index.php\/wp-json\/wp\/v2\/product_cat?post=46585"},{"taxonomy":"product_tag","embeddable":true,"href":"https:\/\/singuli.wpress.me\/index.php\/wp-json\/wp\/v2\/product_tag?post=46585"}],"curies":[{"name":"wp","href":"https:\/\/api.w.org\/{rel}","templated":true}]}}