{"id":46591,"date":"2026-04-21T00:34:06","date_gmt":"2026-04-21T00:34:06","guid":{"rendered":"https:\/\/singuli.wpress.me\/index.php\/proizvod\/tmnt-osnovna-figura-donatello\/"},"modified":"2026-04-21T00:34:06","modified_gmt":"2026-04-21T00:34:06","slug":"tmnt-osnovna-figura-donatello","status":"publish","type":"product","link":"https:\/\/singuli.wpress.me\/index.php\/proizvod\/tmnt-osnovna-figura-donatello\/","title":{"rendered":"TMNT, osnovna figura, Donatello"},"content":{"rendered":"<p>Donatello je mozak tima koji se brine da uvijek budu opremljeni najnovijim strojevima. Mo\u017eda nije vo\u0111a grupe, ali to ne zna\u010di da ne mo\u017ee biti idol! Sada kada je napustio kanalizaciju, vrijeme je da se Donatello bori za svoj san &#8211; programer igrica danju, K-Pop zvijezda no\u0107u &#8211; zajedno sa svojom bra\u0107om, njegovim najve\u0107im (i mo\u017eda jedinim) fanovima. Donnie dolazi spreman za borbu sa svojim legendarnim Bo \u0161tapom.<\/p>\n<p>Dob:4+<\/p>\n","protected":false},"excerpt":{"rendered":"<p>Igra\u010dka dolazi u vi\u0161e razli\u010ditih modela<br \/>\nBoje i dekoracije mogu se razlikovati<br \/>\nDob: 4+<\/p>\n","protected":false},"featured_media":46592,"template":"","meta":{"_seopress_robots_primary_cat":"","_seopress_titles_title":"","_seopress_titles_desc":"","_seopress_robots_index":"","iawp_total_views":0},"product_brand":[915],"product_cat":[221,263],"product_tag":[],"class_list":{"0":"post-46591","1":"product","2":"type-product","3":"status-publish","4":"has-post-thumbnail","6":"product_brand-tmnt","7":"product_cat-igracke","8":"product_cat-tematske-igracke-221","10":"first","11":"instock","12":"shipping-taxable","13":"purchasable","14":"product-type-simple"},"_links":{"self":[{"href":"https:\/\/singuli.wpress.me\/index.php\/wp-json\/wp\/v2\/product\/46591","targetHints":{"allow":["GET"]}}],"collection":[{"href":"https:\/\/singuli.wpress.me\/index.php\/wp-json\/wp\/v2\/product"}],"about":[{"href":"https:\/\/singuli.wpress.me\/index.php\/wp-json\/wp\/v2\/types\/product"}],"version-history":[{"count":0,"href":"https:\/\/singuli.wpress.me\/index.php\/wp-json\/wp\/v2\/product\/46591\/revisions"}],"wp:featuredmedia":[{"embeddable":true,"href":"https:\/\/singuli.wpress.me\/index.php\/wp-json\/wp\/v2\/media\/46592"}],"wp:attachment":[{"href":"https:\/\/singuli.wpress.me\/index.php\/wp-json\/wp\/v2\/media?parent=46591"}],"wp:term":[{"taxonomy":"product_brand","embeddable":true,"href":"https:\/\/singuli.wpress.me\/index.php\/wp-json\/wp\/v2\/product_brand?post=46591"},{"taxonomy":"product_cat","embeddable":true,"href":"https:\/\/singuli.wpress.me\/index.php\/wp-json\/wp\/v2\/product_cat?post=46591"},{"taxonomy":"product_tag","embeddable":true,"href":"https:\/\/singuli.wpress.me\/index.php\/wp-json\/wp\/v2\/product_tag?post=46591"}],"curies":[{"name":"wp","href":"https:\/\/api.w.org\/{rel}","templated":true}]}}