{"id":46606,"date":"2026-04-21T00:34:11","date_gmt":"2026-04-21T00:34:11","guid":{"rendered":"https:\/\/singuli.wpress.me\/index.php\/proizvod\/hot-wheels-brzi-i-zestoki-autic\/"},"modified":"2026-04-21T00:34:11","modified_gmt":"2026-04-21T00:34:11","slug":"hot-wheels-brzi-i-zestoki-autic","status":"publish","type":"product","link":"https:\/\/singuli.wpress.me\/index.php\/proizvod\/hot-wheels-brzi-i-zestoki-autic\/","title":{"rendered":"HOT WHEELS Brzi i \u017destoki, auti\u0107"},"content":{"rendered":"<p>Uronite u svijet brzine s HW auti\u0107em iz serije &quot;Brzi i \u017destoki&quot;! Ovaj detaljno izra\u0111en model vjeran je originalnim automobilima iz popularne filmske fran\u0161ize. Izra\u0111en od visokokvalitetne plastike, izdr\u017eljiv je i siguran za igru. Idealan je za sve uzraste, a glatki kota\u010di omogu\u0107uju jednostavno upravljanje. Igra s auti\u0107em poti\u010de ma\u0161tu, kreativnost i razvoj motori\u010dkih vje\u0161tina. Savr\u0161en je dodatak za svakog kolekcionara modela automobila. Pridru\u017eite se adrenalinskim utrkama i osjetite uzbu\u0111enje velike brzine! Igra\u010dka dolazi u vi\u0161e razli\u010ditih modela, a isporuka ovisi o njihovoj trenutnoj raspolo\u017eivosti. <\/p>\n","protected":false},"excerpt":{"rendered":"<p>Poti\u010de ma\u0161tu, kreativnost i razvoj motori\u010dkih vje\u0161tina<br \/>\nDob: 3+<br \/>\nIgra\u010dka dolazi u vi\u0161e razli\u010ditih modela<\/p>\n","protected":false},"featured_media":46607,"template":"","meta":{"_seopress_robots_primary_cat":"","_seopress_titles_title":"","_seopress_titles_desc":"","_seopress_robots_index":"","iawp_total_views":0},"product_brand":[429],"product_cat":[243,273],"product_tag":[],"class_list":{"0":"post-46606","1":"product","2":"type-product","3":"status-publish","4":"has-post-thumbnail","6":"product_brand-hot-wheels","7":"product_cat-automobili-i-motori","8":"product_cat-njega-vozila-243","10":"first","11":"instock","12":"shipping-taxable","13":"purchasable","14":"product-type-simple"},"_links":{"self":[{"href":"https:\/\/singuli.wpress.me\/index.php\/wp-json\/wp\/v2\/product\/46606","targetHints":{"allow":["GET"]}}],"collection":[{"href":"https:\/\/singuli.wpress.me\/index.php\/wp-json\/wp\/v2\/product"}],"about":[{"href":"https:\/\/singuli.wpress.me\/index.php\/wp-json\/wp\/v2\/types\/product"}],"version-history":[{"count":0,"href":"https:\/\/singuli.wpress.me\/index.php\/wp-json\/wp\/v2\/product\/46606\/revisions"}],"wp:featuredmedia":[{"embeddable":true,"href":"https:\/\/singuli.wpress.me\/index.php\/wp-json\/wp\/v2\/media\/46607"}],"wp:attachment":[{"href":"https:\/\/singuli.wpress.me\/index.php\/wp-json\/wp\/v2\/media?parent=46606"}],"wp:term":[{"taxonomy":"product_brand","embeddable":true,"href":"https:\/\/singuli.wpress.me\/index.php\/wp-json\/wp\/v2\/product_brand?post=46606"},{"taxonomy":"product_cat","embeddable":true,"href":"https:\/\/singuli.wpress.me\/index.php\/wp-json\/wp\/v2\/product_cat?post=46606"},{"taxonomy":"product_tag","embeddable":true,"href":"https:\/\/singuli.wpress.me\/index.php\/wp-json\/wp\/v2\/product_tag?post=46606"}],"curies":[{"name":"wp","href":"https:\/\/api.w.org\/{rel}","templated":true}]}}