{"id":46612,"date":"2026-04-21T00:34:15","date_gmt":"2026-04-21T00:34:15","guid":{"rendered":"https:\/\/singuli.wpress.me\/index.php\/proizvod\/barbie-s-psom-i-stencima-igracka\/"},"modified":"2026-04-21T00:34:15","modified_gmt":"2026-04-21T00:34:15","slug":"barbie-s-psom-i-stencima-igracka","status":"publish","type":"product","link":"https:\/\/singuli.wpress.me\/index.php\/proizvod\/barbie-s-psom-i-stencima-igracka\/","title":{"rendered":"BARBIE S psom i \u0161tencima, igra\u010dka"},"content":{"rendered":"<p>S ovim dirljivim setom djeca mogu pomo\u0107i lutki **Barbie** da njezina **preslatka ku\u0107na ljubimica okoti 3 beba psi\u0107a**! Spremite se za najsla\u0111i trenutak i po\u017eelite dobrodo\u0161licu novim \u010dlanovima obitelji.<\/p>\n<p>Nakon \u0161to stignu \u0161tenci, djeca mogu sudjelovati u \u010darobnom otkri\u0107u! Napunite kadu **hladnom vodom**, smo\u010dite ru\u010dnik i s njim prije\u0111ite preko svakog psi\u0107a kako biste **otkrili poseban made\u017e** koji se krije na njihovom tijelu.<\/p>\n<p>Lutka Barbie ima **fleksibilne zglobove** za realisti\u010dniju igru brige i njege. Set dolazi s mnogobrojnim dodacima: boca za hranjenje, \u010detke za njegu, poslastice, igra\u010dka od u\u017eeta, vre\u0107ica pse\u0107e hrane i zdjelica, tako da je sve spremno za nove \u010dlanove obitelji!<\/p>\n","protected":false},"excerpt":{"rendered":"<p>Djeca poma\u017eu psi\u0107u da &#8220;okoti&#8221; 3 bebe \u0161tenca, poti\u010du\u0107i empatiju<br \/>\nHladna voda otkriva poseban made\u017e na svakom \u0161tenetu<br \/>\nUklju\u010duje Barbie lutku, 4 psa i dodatke za njegu i hranjenje<\/p>\n","protected":false},"featured_media":46613,"template":"","meta":{"_seopress_robots_primary_cat":"","_seopress_titles_title":"","_seopress_titles_desc":"","_seopress_robots_index":"","iawp_total_views":0},"product_brand":[324],"product_cat":[221,291],"product_tag":[],"class_list":{"0":"post-46612","1":"product","2":"type-product","3":"status-publish","4":"has-post-thumbnail","6":"product_brand-barbie","7":"product_cat-igracke","8":"product_cat-igracke-za-djecu-221","10":"first","11":"instock","12":"shipping-taxable","13":"purchasable","14":"product-type-simple"},"_links":{"self":[{"href":"https:\/\/singuli.wpress.me\/index.php\/wp-json\/wp\/v2\/product\/46612","targetHints":{"allow":["GET"]}}],"collection":[{"href":"https:\/\/singuli.wpress.me\/index.php\/wp-json\/wp\/v2\/product"}],"about":[{"href":"https:\/\/singuli.wpress.me\/index.php\/wp-json\/wp\/v2\/types\/product"}],"version-history":[{"count":0,"href":"https:\/\/singuli.wpress.me\/index.php\/wp-json\/wp\/v2\/product\/46612\/revisions"}],"wp:featuredmedia":[{"embeddable":true,"href":"https:\/\/singuli.wpress.me\/index.php\/wp-json\/wp\/v2\/media\/46613"}],"wp:attachment":[{"href":"https:\/\/singuli.wpress.me\/index.php\/wp-json\/wp\/v2\/media?parent=46612"}],"wp:term":[{"taxonomy":"product_brand","embeddable":true,"href":"https:\/\/singuli.wpress.me\/index.php\/wp-json\/wp\/v2\/product_brand?post=46612"},{"taxonomy":"product_cat","embeddable":true,"href":"https:\/\/singuli.wpress.me\/index.php\/wp-json\/wp\/v2\/product_cat?post=46612"},{"taxonomy":"product_tag","embeddable":true,"href":"https:\/\/singuli.wpress.me\/index.php\/wp-json\/wp\/v2\/product_tag?post=46612"}],"curies":[{"name":"wp","href":"https:\/\/api.w.org\/{rel}","templated":true}]}}