{"id":46618,"date":"2026-04-21T00:34:17","date_gmt":"2026-04-21T00:34:17","guid":{"rendered":"https:\/\/singuli.wpress.me\/index.php\/proizvod\/becutan-univerzalna-krema-75-ml\/"},"modified":"2026-04-21T00:34:17","modified_gmt":"2026-04-21T00:34:17","slug":"becutan-univerzalna-krema-75-ml","status":"publish","type":"product","link":"https:\/\/singuli.wpress.me\/index.php\/proizvod\/becutan-univerzalna-krema-75-ml\/","title":{"rendered":"BECUTAN, univerzalna krema, 75\u00a0ml"},"content":{"rendered":"<p>Njega nje\u017ene bebine ko\u017ee od prvog dana nakon ro\u0111enja zapo\u010dinje Becutan dje\u010djom kremom koja sadr\u017ei jedinstvenu kombinaciju visokokvalitetnih, hipoalergenih i pa\u017eljivo odabranih sastojaka.<\/p>\n<p>Becutan dje\u010dja krema osigurava cjelovitu njegu i dugotrajnu za\u0161titu ko\u017ee beba na cijelom tijelu.Lako se upija, a zahvaljuju\u0107i sastavu s izrazito blagim djelovanjem, mo\u017ee se nanositi vi\u0161e puta bez opasnosti od prezasi\u0107enja.<\/p>\n<p>U potpunosti je prilago\u0111ena dje\u010djoj ko\u017ei, ali i mnoge mame tajnu svoje ljepote kriju ba\u0161 u ovoj, dje\u010djoj kremi.<\/p>\n<p>Proizvod je dermatolo\u0161ki i klini\u010dki ispitan, preporu\u010duje se za njegu suhe i osjetljive ko\u017ee kod svih uzrasta.<\/p>\n<p>Ima pH vrijednost prilago\u0111enu ko\u017ei.<\/p>\n<p>Glavne karakteristike:<\/p>\n<p>&#8211; Proizvod je dermatolo\u0161ki i klini\u010dki testiran<\/p>\n<p>&#8211; Preporu\u010duje se za njegu suhe i osjetljive ko\u017ee kod svih uzrasta<\/p>\n<p>&#8211; Ima pH vrijednost prilago\u0111enu ko\u017ei<\/p>\n","protected":false},"excerpt":{"rendered":"<p>Posebno razvijena formula koja je sigurna za njegu najosjetljivije bebine ko\u017ee od prvog dana \u017eivota<br \/>\nZahvaljuju\u0107i prilago\u0111enom pH faktoru, idealna je za intenzivnu njegu suhe ko\u017ee beba, ali i kao kozmeti\u010dki saveznik odraslih<br \/>\nBrzo se upija i omogu\u0107uje ko\u017ei da di\u0161e, \u010dak i uz u\u010destalo nano\u0161enje tijekom dana<\/p>\n","protected":false},"featured_media":46619,"template":"","meta":{"_seopress_robots_primary_cat":"","_seopress_titles_title":"","_seopress_titles_desc":"","_seopress_robots_index":"","iawp_total_views":0},"product_brand":[803],"product_cat":[268,278],"product_tag":[],"class_list":{"0":"post-46618","1":"product","2":"type-product","3":"status-publish","4":"has-post-thumbnail","6":"product_brand-becutan","7":"product_cat-kozmetika-2","8":"product_cat-njega-tijela-268","10":"first","11":"instock","12":"shipping-taxable","13":"purchasable","14":"product-type-simple"},"_links":{"self":[{"href":"https:\/\/singuli.wpress.me\/index.php\/wp-json\/wp\/v2\/product\/46618","targetHints":{"allow":["GET"]}}],"collection":[{"href":"https:\/\/singuli.wpress.me\/index.php\/wp-json\/wp\/v2\/product"}],"about":[{"href":"https:\/\/singuli.wpress.me\/index.php\/wp-json\/wp\/v2\/types\/product"}],"version-history":[{"count":0,"href":"https:\/\/singuli.wpress.me\/index.php\/wp-json\/wp\/v2\/product\/46618\/revisions"}],"wp:featuredmedia":[{"embeddable":true,"href":"https:\/\/singuli.wpress.me\/index.php\/wp-json\/wp\/v2\/media\/46619"}],"wp:attachment":[{"href":"https:\/\/singuli.wpress.me\/index.php\/wp-json\/wp\/v2\/media?parent=46618"}],"wp:term":[{"taxonomy":"product_brand","embeddable":true,"href":"https:\/\/singuli.wpress.me\/index.php\/wp-json\/wp\/v2\/product_brand?post=46618"},{"taxonomy":"product_cat","embeddable":true,"href":"https:\/\/singuli.wpress.me\/index.php\/wp-json\/wp\/v2\/product_cat?post=46618"},{"taxonomy":"product_tag","embeddable":true,"href":"https:\/\/singuli.wpress.me\/index.php\/wp-json\/wp\/v2\/product_tag?post=46618"}],"curies":[{"name":"wp","href":"https:\/\/api.w.org\/{rel}","templated":true}]}}