{"id":46626,"date":"2026-04-21T00:34:19","date_gmt":"2026-04-21T00:34:19","guid":{"rendered":"https:\/\/singuli.wpress.me\/index.php\/proizvod\/pantene-ulje-s-keratinom-100-ml\/"},"modified":"2026-04-21T00:34:19","modified_gmt":"2026-04-21T00:34:19","slug":"pantene-ulje-s-keratinom-100-ml","status":"publish","type":"product","link":"https:\/\/singuli.wpress.me\/index.php\/proizvod\/pantene-ulje-s-keratinom-100-ml\/","title":{"rendered":"PANTENE, ulje s keratinom, 100\u00a0ml"},"content":{"rendered":"<p><span style=\"font-weight: bold\">Hranjivo ulje za kosu za svakodnevnu upotrebu<\/span>. Poma\u017ee obnoviti o\u0161te\u0107enu kosu* nakon jedne upotrebe. \u010cini kosu 10 puta otpornijom na lomljenje te nagla\u0161ava njen sjaj. Ulje je savr\u0161eno za suhu i o\u0161te\u0107enu kosu. Dubinski njeguje kosu vitaminom E i ostavlja je nahranjenom, mekanom i sjajnom nakon samo jedne upotrebe. Za kosu punu \u017eivota, koristite svakodnevno *(o\u0161te\u0107enja uzrokovana oblikovanjem u usporedbi s kori\u0161tenjem samo \u0161ampona bez dodatnih njeguju\u0107ih sastojaka)<\/p>\n","protected":false},"excerpt":{"rendered":"<p>\u010cini kosu 10 puta otpornijom na lomljenje (u usporedbi s kori\u0161tenjem samo \u0161ampona bez dodatnih njeguju\u0107ih sastojaka)<br \/>\nSavr\u0161eno za suhu, o\u0161te\u0107enu kosu<br \/>\nDubinski njeguje kosu<\/p>\n","protected":false},"featured_media":46627,"template":"","meta":{"_seopress_robots_primary_cat":"","_seopress_titles_title":"","_seopress_titles_desc":"","_seopress_robots_index":"","iawp_total_views":0},"product_brand":[411],"product_cat":[268,300],"product_tag":[],"class_list":{"0":"post-46626","1":"product","2":"type-product","3":"status-publish","4":"has-post-thumbnail","6":"product_brand-pantene","7":"product_cat-kozmetika-2","8":"product_cat-njega-kose-268","10":"first","11":"instock","12":"shipping-taxable","13":"purchasable","14":"product-type-simple"},"_links":{"self":[{"href":"https:\/\/singuli.wpress.me\/index.php\/wp-json\/wp\/v2\/product\/46626","targetHints":{"allow":["GET"]}}],"collection":[{"href":"https:\/\/singuli.wpress.me\/index.php\/wp-json\/wp\/v2\/product"}],"about":[{"href":"https:\/\/singuli.wpress.me\/index.php\/wp-json\/wp\/v2\/types\/product"}],"version-history":[{"count":0,"href":"https:\/\/singuli.wpress.me\/index.php\/wp-json\/wp\/v2\/product\/46626\/revisions"}],"wp:featuredmedia":[{"embeddable":true,"href":"https:\/\/singuli.wpress.me\/index.php\/wp-json\/wp\/v2\/media\/46627"}],"wp:attachment":[{"href":"https:\/\/singuli.wpress.me\/index.php\/wp-json\/wp\/v2\/media?parent=46626"}],"wp:term":[{"taxonomy":"product_brand","embeddable":true,"href":"https:\/\/singuli.wpress.me\/index.php\/wp-json\/wp\/v2\/product_brand?post=46626"},{"taxonomy":"product_cat","embeddable":true,"href":"https:\/\/singuli.wpress.me\/index.php\/wp-json\/wp\/v2\/product_cat?post=46626"},{"taxonomy":"product_tag","embeddable":true,"href":"https:\/\/singuli.wpress.me\/index.php\/wp-json\/wp\/v2\/product_tag?post=46626"}],"curies":[{"name":"wp","href":"https:\/\/api.w.org\/{rel}","templated":true}]}}