{"id":46629,"date":"2026-04-21T00:34:21","date_gmt":"2026-04-21T00:34:21","guid":{"rendered":"https:\/\/singuli.wpress.me\/index.php\/proizvod\/make-it-real-kozmeticki-set-leptir-2\/"},"modified":"2026-04-23T00:28:10","modified_gmt":"2026-04-23T00:28:10","slug":"make-it-real-kozmeticki-set-leptir-2","status":"publish","type":"product","link":"https:\/\/singuli.wpress.me\/proizvod\/make-it-real-kozmeticki-set-leptir-2\/","title":{"rendered":"MAKE IT REAL, kozmeti\u010dki set, leptir"},"content":{"rendered":"<p>Procvjetaj uz ovaj predivan kozmeti\u010dki set! Preobrazi se od glave do pete uz leptir kop\u010de za kosu, predivne naljepnice i lak za nokte, te sjajilo za blistav osmijeh!<\/p>\n<p>Leptir kozmeti\u010dki set sadr\u017ei sve potrebno da zablista\u0161 ba\u0161 svaki dan! <\/p>\n<p>SADR\u017dAJ: 6 leptir kop\u010di za kosu; 1 lak za nokte, 1 list naljepnica za nokte, 1 tuba sjajila za usne, 1 \u010dvrsto sjajilo za usne<\/p>\n<p>Dob: 8+<\/p>\n","protected":false},"excerpt":{"rendered":"<p>Kozmeti\u010dki set za preobrazbu<br \/>\nBogat sadr\u017eaj seta<br \/>\nDob: 8+<\/p>\n","protected":false},"featured_media":46630,"template":"","meta":{"_seopress_robots_primary_cat":"","_seopress_titles_title":"","_seopress_titles_desc":"","_seopress_robots_index":"","iawp_total_views":0},"product_brand":[441],"product_cat":[221,291],"product_tag":[],"class_list":{"0":"post-46629","1":"product","2":"type-product","3":"status-publish","4":"has-post-thumbnail","6":"product_brand-make-it-real","7":"product_cat-igracke","8":"product_cat-igracke-za-djecu-221","10":"first","11":"outofstock","12":"shipping-taxable","13":"purchasable","14":"product-type-simple"},"_links":{"self":[{"href":"https:\/\/singuli.wpress.me\/wp-json\/wp\/v2\/product\/46629","targetHints":{"allow":["GET"]}}],"collection":[{"href":"https:\/\/singuli.wpress.me\/wp-json\/wp\/v2\/product"}],"about":[{"href":"https:\/\/singuli.wpress.me\/wp-json\/wp\/v2\/types\/product"}],"version-history":[{"count":0,"href":"https:\/\/singuli.wpress.me\/wp-json\/wp\/v2\/product\/46629\/revisions"}],"wp:featuredmedia":[{"embeddable":true,"href":"https:\/\/singuli.wpress.me\/wp-json\/wp\/v2\/media\/46630"}],"wp:attachment":[{"href":"https:\/\/singuli.wpress.me\/wp-json\/wp\/v2\/media?parent=46629"}],"wp:term":[{"taxonomy":"product_brand","embeddable":true,"href":"https:\/\/singuli.wpress.me\/wp-json\/wp\/v2\/product_brand?post=46629"},{"taxonomy":"product_cat","embeddable":true,"href":"https:\/\/singuli.wpress.me\/wp-json\/wp\/v2\/product_cat?post=46629"},{"taxonomy":"product_tag","embeddable":true,"href":"https:\/\/singuli.wpress.me\/wp-json\/wp\/v2\/product_tag?post=46629"}],"curies":[{"name":"wp","href":"https:\/\/api.w.org\/{rel}","templated":true}]}}