{"id":46635,"date":"2026-04-21T00:34:24","date_gmt":"2026-04-21T00:34:24","guid":{"rendered":"https:\/\/singuli.wpress.me\/index.php\/proizvod\/hot-wheels-monster-trucks-autic-i-kamion\/"},"modified":"2026-04-21T00:34:24","modified_gmt":"2026-04-21T00:34:24","slug":"hot-wheels-monster-trucks-autic-i-kamion","status":"publish","type":"product","link":"https:\/\/singuli.wpress.me\/index.php\/proizvod\/hot-wheels-monster-trucks-autic-i-kamion\/","title":{"rendered":"HOT WHEELS Monster Trucks, auti\u0107 i kamion"},"content":{"rendered":"<p>Hot Wheels Monster Truck metalni kamioni dimenzije 1:64 najopasniji su kamioni ikad napravljeni za natjecanje i kona\u010dnu dominaciju!<br \/>\nSvaki od ovih Hot Wheels Monster Trucku dolazi s paketu s Monster Truck kamionom i Hot Wheels auti\u0107em odgovaraju\u0107eg dizajna.<br \/>\nUnutar pakiranja nalazi se i statistika za svaki uklju\u010duju\u0107i ime, tip kamiona, snagu, ja\u010dinu.<br \/>\nDjeca ih mogu skupljati kako odmjerili snagu u me\u0111usobnim sudarima.<\/p>\n","protected":false},"excerpt":{"rendered":"<p>U paketu se nalaze Monster Truck kamion i Hot Wheels auti\u0107<br \/>\nSvaki Monster Truck posjeduje svoju statistiku<br \/>\nIgra\u010dka dolazi u vi\u0161e razli\u010ditih modela<\/p>\n","protected":false},"featured_media":46636,"template":"","meta":{"_seopress_robots_primary_cat":"","_seopress_titles_title":"","_seopress_titles_desc":"","_seopress_robots_index":"","iawp_total_views":0},"product_brand":[429],"product_cat":[243,273],"product_tag":[],"class_list":{"0":"post-46635","1":"product","2":"type-product","3":"status-publish","4":"has-post-thumbnail","6":"product_brand-hot-wheels","7":"product_cat-automobili-i-motori","8":"product_cat-njega-vozila-243","10":"first","11":"instock","12":"shipping-taxable","13":"purchasable","14":"product-type-simple"},"_links":{"self":[{"href":"https:\/\/singuli.wpress.me\/index.php\/wp-json\/wp\/v2\/product\/46635","targetHints":{"allow":["GET"]}}],"collection":[{"href":"https:\/\/singuli.wpress.me\/index.php\/wp-json\/wp\/v2\/product"}],"about":[{"href":"https:\/\/singuli.wpress.me\/index.php\/wp-json\/wp\/v2\/types\/product"}],"version-history":[{"count":0,"href":"https:\/\/singuli.wpress.me\/index.php\/wp-json\/wp\/v2\/product\/46635\/revisions"}],"wp:featuredmedia":[{"embeddable":true,"href":"https:\/\/singuli.wpress.me\/index.php\/wp-json\/wp\/v2\/media\/46636"}],"wp:attachment":[{"href":"https:\/\/singuli.wpress.me\/index.php\/wp-json\/wp\/v2\/media?parent=46635"}],"wp:term":[{"taxonomy":"product_brand","embeddable":true,"href":"https:\/\/singuli.wpress.me\/index.php\/wp-json\/wp\/v2\/product_brand?post=46635"},{"taxonomy":"product_cat","embeddable":true,"href":"https:\/\/singuli.wpress.me\/index.php\/wp-json\/wp\/v2\/product_cat?post=46635"},{"taxonomy":"product_tag","embeddable":true,"href":"https:\/\/singuli.wpress.me\/index.php\/wp-json\/wp\/v2\/product_tag?post=46635"}],"curies":[{"name":"wp","href":"https:\/\/api.w.org\/{rel}","templated":true}]}}