{"id":46643,"date":"2026-04-21T00:34:29","date_gmt":"2026-04-21T00:34:29","guid":{"rendered":"https:\/\/singuli.wpress.me\/index.php\/proizvod\/paclan-for-nature-spuzva-od-prirodnih-vlakana-pakiranje-3-kom\/"},"modified":"2026-04-21T00:34:29","modified_gmt":"2026-04-21T00:34:29","slug":"paclan-for-nature-spuzva-od-prirodnih-vlakana-pakiranje-3-kom","status":"publish","type":"product","link":"https:\/\/singuli.wpress.me\/index.php\/proizvod\/paclan-for-nature-spuzva-od-prirodnih-vlakana-pakiranje-3-kom\/","title":{"rendered":"PACLAN FOR NATURE, spu\u017eva od prirodnih vlakana, pakiranje 3 kom"},"content":{"rendered":"<p>Krpa za kori\u0161tenje u ku\u0107anstvu od prirodnih vlakana celuloze i pamuka. <\/p>\n<p>Super apsorbiraju\u0107a, 3 komada u pakiranju, veli\u010dine 18x20cm. (trulexica)<\/p>\n","protected":false},"excerpt":{"rendered":"<p>Prirodna vlakana, celuloza i pamuk<br \/>\nSuper apsorbiraju\u0107a<br \/>\nveli\u010dine 18x20com<\/p>\n","protected":false},"featured_media":46644,"template":"","meta":{"_seopress_robots_primary_cat":"","_seopress_titles_title":"","_seopress_titles_desc":"","_seopress_robots_index":"","iawp_total_views":0},"product_brand":[844],"product_cat":[274,238],"product_tag":[],"class_list":{"0":"post-46643","1":"product","2":"type-product","3":"status-publish","4":"has-post-thumbnail","6":"product_brand-paclan-for-nature","7":"product_cat-kucanski-pribor-238","8":"product_cat-sve-za-dom","10":"first","11":"instock","12":"shipping-taxable","13":"purchasable","14":"product-type-simple"},"_links":{"self":[{"href":"https:\/\/singuli.wpress.me\/index.php\/wp-json\/wp\/v2\/product\/46643","targetHints":{"allow":["GET"]}}],"collection":[{"href":"https:\/\/singuli.wpress.me\/index.php\/wp-json\/wp\/v2\/product"}],"about":[{"href":"https:\/\/singuli.wpress.me\/index.php\/wp-json\/wp\/v2\/types\/product"}],"version-history":[{"count":0,"href":"https:\/\/singuli.wpress.me\/index.php\/wp-json\/wp\/v2\/product\/46643\/revisions"}],"wp:featuredmedia":[{"embeddable":true,"href":"https:\/\/singuli.wpress.me\/index.php\/wp-json\/wp\/v2\/media\/46644"}],"wp:attachment":[{"href":"https:\/\/singuli.wpress.me\/index.php\/wp-json\/wp\/v2\/media?parent=46643"}],"wp:term":[{"taxonomy":"product_brand","embeddable":true,"href":"https:\/\/singuli.wpress.me\/index.php\/wp-json\/wp\/v2\/product_brand?post=46643"},{"taxonomy":"product_cat","embeddable":true,"href":"https:\/\/singuli.wpress.me\/index.php\/wp-json\/wp\/v2\/product_cat?post=46643"},{"taxonomy":"product_tag","embeddable":true,"href":"https:\/\/singuli.wpress.me\/index.php\/wp-json\/wp\/v2\/product_tag?post=46643"}],"curies":[{"name":"wp","href":"https:\/\/api.w.org\/{rel}","templated":true}]}}