{"id":46649,"date":"2026-04-21T00:34:35","date_gmt":"2026-04-21T00:34:35","guid":{"rendered":"https:\/\/singuli.wpress.me\/index.php\/proizvod\/erdut-chardonnay-vrhunsko-bijelo-vino-0-75-l\/"},"modified":"2026-04-21T00:34:35","modified_gmt":"2026-04-21T00:34:35","slug":"erdut-chardonnay-vrhunsko-bijelo-vino-0-75-l","status":"publish","type":"product","link":"https:\/\/singuli.wpress.me\/index.php\/proizvod\/erdut-chardonnay-vrhunsko-bijelo-vino-0-75-l\/","title":{"rendered":"ERDUT Chardonnay Vrhunsko, bijelo vino, 0.75\u00a0l"},"content":{"rendered":"<p>Proizvedeno s ponajboljih polo\u017eaja Erdutskog vinogorja. <\/p>\n<p>Sna\u017eno vino punog tijela, \u017euto -zelenkaste boje, zrelih, vo\u0107nih aroma koje duguje erdutskom terroiru oblikovanom mo\u0107nim Dunavom. <\/p>\n<p>Poslu\u017euje se na temperaturi od 10-12 stupnjeva<\/p>\n","protected":false},"excerpt":{"rendered":"<p>Vino proizvedeno iz vlastitog vinograda<br \/>\nSadr\u017ei 12,5% alkohola<br \/>\nRok trajanja u danima: neograni\u010den<\/p>\n","protected":false},"featured_media":46650,"template":"","meta":{"_seopress_robots_primary_cat":"","_seopress_titles_title":"","_seopress_titles_desc":"","_seopress_robots_index":"","iawp_total_views":0},"product_brand":[478],"product_cat":[298,261],"product_tag":[],"class_list":{"0":"post-46649","1":"product","2":"type-product","3":"status-publish","4":"has-post-thumbnail","6":"product_brand-erdut","7":"product_cat-alkoholna-pica-261","8":"product_cat-hrana-i-pice","10":"first","11":"outofstock","12":"shipping-taxable","13":"purchasable","14":"product-type-simple"},"_links":{"self":[{"href":"https:\/\/singuli.wpress.me\/index.php\/wp-json\/wp\/v2\/product\/46649","targetHints":{"allow":["GET"]}}],"collection":[{"href":"https:\/\/singuli.wpress.me\/index.php\/wp-json\/wp\/v2\/product"}],"about":[{"href":"https:\/\/singuli.wpress.me\/index.php\/wp-json\/wp\/v2\/types\/product"}],"version-history":[{"count":0,"href":"https:\/\/singuli.wpress.me\/index.php\/wp-json\/wp\/v2\/product\/46649\/revisions"}],"wp:featuredmedia":[{"embeddable":true,"href":"https:\/\/singuli.wpress.me\/index.php\/wp-json\/wp\/v2\/media\/46650"}],"wp:attachment":[{"href":"https:\/\/singuli.wpress.me\/index.php\/wp-json\/wp\/v2\/media?parent=46649"}],"wp:term":[{"taxonomy":"product_brand","embeddable":true,"href":"https:\/\/singuli.wpress.me\/index.php\/wp-json\/wp\/v2\/product_brand?post=46649"},{"taxonomy":"product_cat","embeddable":true,"href":"https:\/\/singuli.wpress.me\/index.php\/wp-json\/wp\/v2\/product_cat?post=46649"},{"taxonomy":"product_tag","embeddable":true,"href":"https:\/\/singuli.wpress.me\/index.php\/wp-json\/wp\/v2\/product_tag?post=46649"}],"curies":[{"name":"wp","href":"https:\/\/api.w.org\/{rel}","templated":true}]}}