{"id":46655,"date":"2026-04-21T00:34:36","date_gmt":"2026-04-21T00:34:36","guid":{"rendered":"https:\/\/singuli.wpress.me\/index.php\/proizvod\/bee-smart-univerzalna-krpica-pakiranje-3-kom\/"},"modified":"2026-04-21T00:34:36","modified_gmt":"2026-04-21T00:34:36","slug":"bee-smart-univerzalna-krpica-pakiranje-3-kom","status":"publish","type":"product","link":"https:\/\/singuli.wpress.me\/index.php\/proizvod\/bee-smart-univerzalna-krpica-pakiranje-3-kom\/","title":{"rendered":"BEE SMART, univerzalna krpica, pakiranje 3 kom"},"content":{"rendered":"<p>Univerzalna vi\u0161enamjenska krpa za \u010di\u0161\u0107enje od viskoze i polypropylena. <\/p>\n<p>U pakiranju dolaze 3 krpe.<\/p>\n<p>Dozvoljeno pranje na 60 stupnjeva.<\/p>\n","protected":false},"excerpt":{"rendered":"<p>Univerzalna vi\u0161enamjenska krpa<br \/>\nMaterijal krpe je viskoza i polypropylen<br \/>\nDozvoljeno pranje na 60 stupnjeva<\/p>\n","protected":false},"featured_media":46656,"template":"","meta":{"_seopress_robots_primary_cat":"","_seopress_titles_title":"","_seopress_titles_desc":"","_seopress_robots_index":"","iawp_total_views":0},"product_brand":[862],"product_cat":[274,238],"product_tag":[],"class_list":{"0":"post-46655","1":"product","2":"type-product","3":"status-publish","4":"has-post-thumbnail","6":"product_brand-bee-smart","7":"product_cat-kucanski-pribor-238","8":"product_cat-sve-za-dom","10":"first","11":"instock","12":"shipping-taxable","13":"purchasable","14":"product-type-simple"},"_links":{"self":[{"href":"https:\/\/singuli.wpress.me\/index.php\/wp-json\/wp\/v2\/product\/46655","targetHints":{"allow":["GET"]}}],"collection":[{"href":"https:\/\/singuli.wpress.me\/index.php\/wp-json\/wp\/v2\/product"}],"about":[{"href":"https:\/\/singuli.wpress.me\/index.php\/wp-json\/wp\/v2\/types\/product"}],"version-history":[{"count":0,"href":"https:\/\/singuli.wpress.me\/index.php\/wp-json\/wp\/v2\/product\/46655\/revisions"}],"wp:featuredmedia":[{"embeddable":true,"href":"https:\/\/singuli.wpress.me\/index.php\/wp-json\/wp\/v2\/media\/46656"}],"wp:attachment":[{"href":"https:\/\/singuli.wpress.me\/index.php\/wp-json\/wp\/v2\/media?parent=46655"}],"wp:term":[{"taxonomy":"product_brand","embeddable":true,"href":"https:\/\/singuli.wpress.me\/index.php\/wp-json\/wp\/v2\/product_brand?post=46655"},{"taxonomy":"product_cat","embeddable":true,"href":"https:\/\/singuli.wpress.me\/index.php\/wp-json\/wp\/v2\/product_cat?post=46655"},{"taxonomy":"product_tag","embeddable":true,"href":"https:\/\/singuli.wpress.me\/index.php\/wp-json\/wp\/v2\/product_tag?post=46655"}],"curies":[{"name":"wp","href":"https:\/\/api.w.org\/{rel}","templated":true}]}}