{"id":46663,"date":"2026-04-21T00:34:41","date_gmt":"2026-04-21T00:34:41","guid":{"rendered":"https:\/\/singuli.wpress.me\/index.php\/proizvod\/paclan-vrecica-za-termalnu-izolaciju-40x41cm\/"},"modified":"2026-04-21T00:34:41","modified_gmt":"2026-04-21T00:34:41","slug":"paclan-vrecica-za-termalnu-izolaciju-40x41cm","status":"publish","type":"product","link":"https:\/\/singuli.wpress.me\/index.php\/proizvod\/paclan-vrecica-za-termalnu-izolaciju-40x41cm\/","title":{"rendered":"PACLAN, vre\u0107ica za termalnu izolaciju, 40x41cm"},"content":{"rendered":"<p>Posebno dizajnirana termalna vre\u0107ica omogu\u0107uje pohranjivanje ili transport vru\u0107ih ili smrznutih proizvoda uz dulje zadr\u017eavanje njihove temperature. <\/p>\n<p>Veli\u010dine 44x47cm<\/p>\n","protected":false},"excerpt":{"rendered":"<p>Posebno dizajnirana termalna vre\u0107ica<br \/>\nomogu\u0107uje pohranjivanje ili transport vru\u0107ih ili smrznutih proizvoda<br \/>\nZadr\u017eava temperaturu<\/p>\n","protected":false},"featured_media":46664,"template":"","meta":{"_seopress_robots_primary_cat":"","_seopress_titles_title":"","_seopress_titles_desc":"","_seopress_robots_index":"","iawp_total_views":0},"product_brand":[474],"product_cat":[274,238],"product_tag":[],"class_list":{"0":"post-46663","1":"product","2":"type-product","3":"status-publish","4":"has-post-thumbnail","6":"product_brand-paclan","7":"product_cat-kucanski-pribor-238","8":"product_cat-sve-za-dom","10":"first","11":"instock","12":"shipping-taxable","13":"purchasable","14":"product-type-simple"},"_links":{"self":[{"href":"https:\/\/singuli.wpress.me\/index.php\/wp-json\/wp\/v2\/product\/46663","targetHints":{"allow":["GET"]}}],"collection":[{"href":"https:\/\/singuli.wpress.me\/index.php\/wp-json\/wp\/v2\/product"}],"about":[{"href":"https:\/\/singuli.wpress.me\/index.php\/wp-json\/wp\/v2\/types\/product"}],"version-history":[{"count":0,"href":"https:\/\/singuli.wpress.me\/index.php\/wp-json\/wp\/v2\/product\/46663\/revisions"}],"wp:featuredmedia":[{"embeddable":true,"href":"https:\/\/singuli.wpress.me\/index.php\/wp-json\/wp\/v2\/media\/46664"}],"wp:attachment":[{"href":"https:\/\/singuli.wpress.me\/index.php\/wp-json\/wp\/v2\/media?parent=46663"}],"wp:term":[{"taxonomy":"product_brand","embeddable":true,"href":"https:\/\/singuli.wpress.me\/index.php\/wp-json\/wp\/v2\/product_brand?post=46663"},{"taxonomy":"product_cat","embeddable":true,"href":"https:\/\/singuli.wpress.me\/index.php\/wp-json\/wp\/v2\/product_cat?post=46663"},{"taxonomy":"product_tag","embeddable":true,"href":"https:\/\/singuli.wpress.me\/index.php\/wp-json\/wp\/v2\/product_tag?post=46663"}],"curies":[{"name":"wp","href":"https:\/\/api.w.org\/{rel}","templated":true}]}}