{"id":46669,"date":"2026-04-21T00:34:47","date_gmt":"2026-04-21T00:34:47","guid":{"rendered":"https:\/\/singuli.wpress.me\/index.php\/proizvod\/tikves-vranec-semy-dry-crno-vino-1-l\/"},"modified":"2026-04-21T00:34:47","modified_gmt":"2026-04-21T00:34:47","slug":"tikves-vranec-semy-dry-crno-vino-1-l","status":"publish","type":"product","link":"https:\/\/singuli.wpress.me\/index.php\/proizvod\/tikves-vranec-semy-dry-crno-vino-1-l\/","title":{"rendered":"TIKVE\u0160 Vranec Semy Dry, crno vino, 1\u00a0l"},"content":{"rendered":"<p>Polusuho crno vino tamnocrvene rubinske boje, aroma prezrelog \u0161umskog vo\u0107a i suhih \u0161ljiva, punog tijela i dugotrajnog zavr\u0161etka.<\/p>\n","protected":false},"excerpt":{"rendered":"<p>Stoljetna tradicija vinarije<br \/>\nAroma prezrelog \u0161umskog vo\u0107a i suhih \u0161ljiva<br \/>\nRubinska boja vina<\/p>\n","protected":false},"featured_media":46670,"template":"","meta":{"_seopress_robots_primary_cat":"","_seopress_titles_title":"","_seopress_titles_desc":"","_seopress_robots_index":"","iawp_total_views":0},"product_brand":[470],"product_cat":[298,261],"product_tag":[],"class_list":{"0":"post-46669","1":"product","2":"type-product","3":"status-publish","4":"has-post-thumbnail","6":"product_brand-tikves","7":"product_cat-alkoholna-pica-261","8":"product_cat-hrana-i-pice","10":"first","11":"instock","12":"shipping-taxable","13":"purchasable","14":"product-type-simple"},"_links":{"self":[{"href":"https:\/\/singuli.wpress.me\/index.php\/wp-json\/wp\/v2\/product\/46669","targetHints":{"allow":["GET"]}}],"collection":[{"href":"https:\/\/singuli.wpress.me\/index.php\/wp-json\/wp\/v2\/product"}],"about":[{"href":"https:\/\/singuli.wpress.me\/index.php\/wp-json\/wp\/v2\/types\/product"}],"version-history":[{"count":0,"href":"https:\/\/singuli.wpress.me\/index.php\/wp-json\/wp\/v2\/product\/46669\/revisions"}],"wp:featuredmedia":[{"embeddable":true,"href":"https:\/\/singuli.wpress.me\/index.php\/wp-json\/wp\/v2\/media\/46670"}],"wp:attachment":[{"href":"https:\/\/singuli.wpress.me\/index.php\/wp-json\/wp\/v2\/media?parent=46669"}],"wp:term":[{"taxonomy":"product_brand","embeddable":true,"href":"https:\/\/singuli.wpress.me\/index.php\/wp-json\/wp\/v2\/product_brand?post=46669"},{"taxonomy":"product_cat","embeddable":true,"href":"https:\/\/singuli.wpress.me\/index.php\/wp-json\/wp\/v2\/product_cat?post=46669"},{"taxonomy":"product_tag","embeddable":true,"href":"https:\/\/singuli.wpress.me\/index.php\/wp-json\/wp\/v2\/product_tag?post=46669"}],"curies":[{"name":"wp","href":"https:\/\/api.w.org\/{rel}","templated":true}]}}