{"id":46671,"date":"2026-04-21T00:34:47","date_gmt":"2026-04-21T00:34:47","guid":{"rendered":"https:\/\/singuli.wpress.me\/index.php\/proizvod\/erdut-grasevina-box-bijelo-vino-5-l\/"},"modified":"2026-04-21T00:34:47","modified_gmt":"2026-04-21T00:34:47","slug":"erdut-grasevina-box-bijelo-vino-5-l","status":"publish","type":"product","link":"https:\/\/singuli.wpress.me\/index.php\/proizvod\/erdut-grasevina-box-bijelo-vino-5-l\/","title":{"rendered":"ERDUT Gra\u0161evina box, bijelo vino, 5\u00a0l"},"content":{"rendered":"<p>Dobro odnjegovano vino je rubin crvene boje,srednje alkoholne jakosti i ugodne kiseline, pitko s razvijenim sortnim aromama i bouquetom. <\/p>\n<p>Aroma vi\u0161nje koja dominira i zrelo bobi\u010dasto vo\u0107e te okusi tamne \u010dokolade nastali dozrijevanjem u stoljetnim podrumima erdutske vinarije daju joj posebnu \u010dar. <\/p>\n<p>Zahvaljuju\u0107i primarnim kiselinama i aromama, zadr\u017eala je svje\u017einu pa je idealna pratnja slavonskim jelima.<\/p>\n","protected":false},"excerpt":{"rendered":"<p>Vino proizvedeno iz vlastitog vinograda<br \/>\nSadr\u017ei 12 % alkohola<br \/>\nRok trajanja u danima: neograni\u010den<\/p>\n","protected":false},"featured_media":46672,"template":"","meta":{"_seopress_robots_primary_cat":"","_seopress_titles_title":"","_seopress_titles_desc":"","_seopress_robots_index":"","iawp_total_views":0},"product_brand":[478],"product_cat":[298,261],"product_tag":[],"class_list":{"0":"post-46671","1":"product","2":"type-product","3":"status-publish","4":"has-post-thumbnail","6":"product_brand-erdut","7":"product_cat-alkoholna-pica-261","8":"product_cat-hrana-i-pice","10":"first","11":"instock","12":"shipping-taxable","13":"purchasable","14":"product-type-simple"},"_links":{"self":[{"href":"https:\/\/singuli.wpress.me\/index.php\/wp-json\/wp\/v2\/product\/46671","targetHints":{"allow":["GET"]}}],"collection":[{"href":"https:\/\/singuli.wpress.me\/index.php\/wp-json\/wp\/v2\/product"}],"about":[{"href":"https:\/\/singuli.wpress.me\/index.php\/wp-json\/wp\/v2\/types\/product"}],"version-history":[{"count":0,"href":"https:\/\/singuli.wpress.me\/index.php\/wp-json\/wp\/v2\/product\/46671\/revisions"}],"wp:featuredmedia":[{"embeddable":true,"href":"https:\/\/singuli.wpress.me\/index.php\/wp-json\/wp\/v2\/media\/46672"}],"wp:attachment":[{"href":"https:\/\/singuli.wpress.me\/index.php\/wp-json\/wp\/v2\/media?parent=46671"}],"wp:term":[{"taxonomy":"product_brand","embeddable":true,"href":"https:\/\/singuli.wpress.me\/index.php\/wp-json\/wp\/v2\/product_brand?post=46671"},{"taxonomy":"product_cat","embeddable":true,"href":"https:\/\/singuli.wpress.me\/index.php\/wp-json\/wp\/v2\/product_cat?post=46671"},{"taxonomy":"product_tag","embeddable":true,"href":"https:\/\/singuli.wpress.me\/index.php\/wp-json\/wp\/v2\/product_tag?post=46671"}],"curies":[{"name":"wp","href":"https:\/\/api.w.org\/{rel}","templated":true}]}}