{"id":46687,"date":"2026-04-21T00:35:02","date_gmt":"2026-04-21T00:35:02","guid":{"rendered":"https:\/\/singuli.wpress.me\/index.php\/proizvod\/tmnt-osnovna-figura-splinter-2\/"},"modified":"2026-04-23T00:28:10","modified_gmt":"2026-04-23T00:28:10","slug":"tmnt-osnovna-figura-splinter-2","status":"publish","type":"product","link":"https:\/\/singuli.wpress.me\/proizvod\/tmnt-osnovna-figura-splinter-2\/","title":{"rendered":"TMNT, osnovna figura, Splinter"},"content":{"rendered":"<p>Sensei. Majstor. Mutant. Protivnik. Otac \u0161takor. Od svih svojih uloga, Splinter je najvi\u0161e volio biti otac. Kada su njegovi sinovi Ninja kornja\u010de odrasli u tinejd\u017eere, oni tra\u017ee svijet izvan kanalizacijskog doma koji je Splinter izgradio za njih. Uz pomo\u0107 njegovog treninga, i ponekog roditeljskog savjeta u zadnji \u010das, kornja\u010de se bore kako bi odr\u017eali grad sigurnim. Sada je samo na Splinteru da i njih za\u0161titi. Splinter dolazi spreman za borbu sa svojim legendarnim \u0161tapom za hodanje.<\/p>\n<p>Dob:4+<\/p>\n","protected":false},"excerpt":{"rendered":"<p>Igra\u010dka dolazi u vi\u0161e razli\u010ditih modela<br \/>\nBoje i dekoracije mogu se razlikovati<br \/>\nDob: 4+<\/p>\n","protected":false},"featured_media":46688,"template":"","meta":{"_seopress_robots_primary_cat":"","_seopress_titles_title":"","_seopress_titles_desc":"","_seopress_robots_index":"","iawp_total_views":0},"product_brand":[915],"product_cat":[221,263],"product_tag":[],"class_list":{"0":"post-46687","1":"product","2":"type-product","3":"status-publish","4":"has-post-thumbnail","6":"product_brand-tmnt","7":"product_cat-igracke","8":"product_cat-tematske-igracke-221","10":"first","11":"outofstock","12":"shipping-taxable","13":"purchasable","14":"product-type-simple"},"_links":{"self":[{"href":"https:\/\/singuli.wpress.me\/wp-json\/wp\/v2\/product\/46687","targetHints":{"allow":["GET"]}}],"collection":[{"href":"https:\/\/singuli.wpress.me\/wp-json\/wp\/v2\/product"}],"about":[{"href":"https:\/\/singuli.wpress.me\/wp-json\/wp\/v2\/types\/product"}],"version-history":[{"count":0,"href":"https:\/\/singuli.wpress.me\/wp-json\/wp\/v2\/product\/46687\/revisions"}],"wp:featuredmedia":[{"embeddable":true,"href":"https:\/\/singuli.wpress.me\/wp-json\/wp\/v2\/media\/46688"}],"wp:attachment":[{"href":"https:\/\/singuli.wpress.me\/wp-json\/wp\/v2\/media?parent=46687"}],"wp:term":[{"taxonomy":"product_brand","embeddable":true,"href":"https:\/\/singuli.wpress.me\/wp-json\/wp\/v2\/product_brand?post=46687"},{"taxonomy":"product_cat","embeddable":true,"href":"https:\/\/singuli.wpress.me\/wp-json\/wp\/v2\/product_cat?post=46687"},{"taxonomy":"product_tag","embeddable":true,"href":"https:\/\/singuli.wpress.me\/wp-json\/wp\/v2\/product_tag?post=46687"}],"curies":[{"name":"wp","href":"https:\/\/api.w.org\/{rel}","templated":true}]}}