{"id":46703,"date":"2026-04-21T00:35:07","date_gmt":"2026-04-21T00:35:07","guid":{"rendered":"https:\/\/singuli.wpress.me\/index.php\/proizvod\/erdut-zweigelt-crno-vino-0-75-l\/"},"modified":"2026-04-21T00:35:07","modified_gmt":"2026-04-21T00:35:07","slug":"erdut-zweigelt-crno-vino-0-75-l","status":"publish","type":"product","link":"https:\/\/singuli.wpress.me\/index.php\/proizvod\/erdut-zweigelt-crno-vino-0-75-l\/","title":{"rendered":"ERDUT Zweigelt, crno vino, 0.75\u00a0l"},"content":{"rendered":"<p>Specifi\u010dna mikroklima dunavske krivine pogoduje uzgoju ove loze i daje vino nagla\u0161enih sortnih osobina, skladno i vo\u0107no. <\/p>\n<p>Prepoznatljive je \u017euto zelenkaste boje i arome zrelog vo\u0107a.<\/p>\n","protected":false},"excerpt":{"rendered":"<p>Vino proizvedeno iz vlastitog vinograda<br \/>\nSadr\u017ei 12,5% alkohola<br \/>\nRok trajanja u danima: neograni\u010den<\/p>\n","protected":false},"featured_media":46704,"template":"","meta":{"_seopress_robots_primary_cat":"","_seopress_titles_title":"","_seopress_titles_desc":"","_seopress_robots_index":"","iawp_total_views":0},"product_brand":[478],"product_cat":[298,261],"product_tag":[],"class_list":{"0":"post-46703","1":"product","2":"type-product","3":"status-publish","4":"has-post-thumbnail","6":"product_brand-erdut","7":"product_cat-alkoholna-pica-261","8":"product_cat-hrana-i-pice","10":"first","11":"instock","12":"shipping-taxable","13":"purchasable","14":"product-type-simple"},"_links":{"self":[{"href":"https:\/\/singuli.wpress.me\/index.php\/wp-json\/wp\/v2\/product\/46703","targetHints":{"allow":["GET"]}}],"collection":[{"href":"https:\/\/singuli.wpress.me\/index.php\/wp-json\/wp\/v2\/product"}],"about":[{"href":"https:\/\/singuli.wpress.me\/index.php\/wp-json\/wp\/v2\/types\/product"}],"version-history":[{"count":0,"href":"https:\/\/singuli.wpress.me\/index.php\/wp-json\/wp\/v2\/product\/46703\/revisions"}],"wp:featuredmedia":[{"embeddable":true,"href":"https:\/\/singuli.wpress.me\/index.php\/wp-json\/wp\/v2\/media\/46704"}],"wp:attachment":[{"href":"https:\/\/singuli.wpress.me\/index.php\/wp-json\/wp\/v2\/media?parent=46703"}],"wp:term":[{"taxonomy":"product_brand","embeddable":true,"href":"https:\/\/singuli.wpress.me\/index.php\/wp-json\/wp\/v2\/product_brand?post=46703"},{"taxonomy":"product_cat","embeddable":true,"href":"https:\/\/singuli.wpress.me\/index.php\/wp-json\/wp\/v2\/product_cat?post=46703"},{"taxonomy":"product_tag","embeddable":true,"href":"https:\/\/singuli.wpress.me\/index.php\/wp-json\/wp\/v2\/product_tag?post=46703"}],"curies":[{"name":"wp","href":"https:\/\/api.w.org\/{rel}","templated":true}]}}