{"id":46707,"date":"2026-04-21T00:35:08","date_gmt":"2026-04-21T00:35:08","guid":{"rendered":"https:\/\/singuli.wpress.me\/index.php\/proizvod\/erdut-cabernet-sauvignon-crno-vino-0-75-l\/"},"modified":"2026-04-21T00:35:08","modified_gmt":"2026-04-21T00:35:08","slug":"erdut-cabernet-sauvignon-crno-vino-0-75-l","status":"publish","type":"product","link":"https:\/\/singuli.wpress.me\/index.php\/proizvod\/erdut-cabernet-sauvignon-crno-vino-0-75-l\/","title":{"rendered":"ERDUT Cabernet Sauvignon, crno vino, 0.75\u00a0l"},"content":{"rendered":"<p>Proizvedeno od gro\u017e\u0111a s odabranih polo\u017eaja vlastitog vinograda uz Dunav. <\/p>\n<p>Prepoznatljivo, profinjeno i pitko vino kojeg karakterizira izra\u017eena i dopadljiva aroma po vi\u0161nji maraski. <\/p>\n<p>Odle\u017eavanjem u ba\u010dvama od stoljetnih slavonskih hrastova posti\u017ee se vrhunac harmoni\u010dnosti. <\/p>\n<p>Pije se uz o\u0161tra i jaka jela, uz tamna mesa, posebno od divlja\u010di.<\/p>\n","protected":false},"excerpt":{"rendered":"<p>Vino proizvedeno iz vlastitog vinograda<br \/>\nSadr\u017ei 13% alkohola<br \/>\nRok trajanja u danima: neograni\u010den<\/p>\n","protected":false},"featured_media":46708,"template":"","meta":{"_seopress_robots_primary_cat":"","_seopress_titles_title":"","_seopress_titles_desc":"","_seopress_robots_index":"","iawp_total_views":0},"product_brand":[478],"product_cat":[298,261],"product_tag":[],"class_list":{"0":"post-46707","1":"product","2":"type-product","3":"status-publish","4":"has-post-thumbnail","6":"product_brand-erdut","7":"product_cat-alkoholna-pica-261","8":"product_cat-hrana-i-pice","10":"first","11":"instock","12":"shipping-taxable","13":"purchasable","14":"product-type-simple"},"_links":{"self":[{"href":"https:\/\/singuli.wpress.me\/index.php\/wp-json\/wp\/v2\/product\/46707","targetHints":{"allow":["GET"]}}],"collection":[{"href":"https:\/\/singuli.wpress.me\/index.php\/wp-json\/wp\/v2\/product"}],"about":[{"href":"https:\/\/singuli.wpress.me\/index.php\/wp-json\/wp\/v2\/types\/product"}],"version-history":[{"count":0,"href":"https:\/\/singuli.wpress.me\/index.php\/wp-json\/wp\/v2\/product\/46707\/revisions"}],"wp:featuredmedia":[{"embeddable":true,"href":"https:\/\/singuli.wpress.me\/index.php\/wp-json\/wp\/v2\/media\/46708"}],"wp:attachment":[{"href":"https:\/\/singuli.wpress.me\/index.php\/wp-json\/wp\/v2\/media?parent=46707"}],"wp:term":[{"taxonomy":"product_brand","embeddable":true,"href":"https:\/\/singuli.wpress.me\/index.php\/wp-json\/wp\/v2\/product_brand?post=46707"},{"taxonomy":"product_cat","embeddable":true,"href":"https:\/\/singuli.wpress.me\/index.php\/wp-json\/wp\/v2\/product_cat?post=46707"},{"taxonomy":"product_tag","embeddable":true,"href":"https:\/\/singuli.wpress.me\/index.php\/wp-json\/wp\/v2\/product_tag?post=46707"}],"curies":[{"name":"wp","href":"https:\/\/api.w.org\/{rel}","templated":true}]}}