{"id":46709,"date":"2026-04-21T00:35:08","date_gmt":"2026-04-21T00:35:08","guid":{"rendered":"https:\/\/singuli.wpress.me\/index.php\/proizvod\/erdut-pinot-sivi-bijelo-vino-0-75-l\/"},"modified":"2026-04-21T00:35:08","modified_gmt":"2026-04-21T00:35:08","slug":"erdut-pinot-sivi-bijelo-vino-0-75-l","status":"publish","type":"product","link":"https:\/\/singuli.wpress.me\/index.php\/proizvod\/erdut-pinot-sivi-bijelo-vino-0-75-l\/","title":{"rendered":"ERDUT Pinot Sivi, bijelo vino, 0.75\u00a0l"},"content":{"rendered":"<p>Vino rubin crvene boje, mekano, elegantno s izra\u017eenom vo\u0107nosti koja podsje\u0107a na \u0161umsko vo\u0107e, uz primjese za\u010dinskog bilja i zelenog papra. <\/p>\n<p>U okusu je uravnote\u017eeno, s lagano izra\u017eenim taninima. <\/p>\n<p>Savr\u0161enog balansa izme\u0111u vo\u0107nosti, pikantnosti i floralnosti. <\/p>\n<p>Odli\u010dno se sljubljuje s jelima od tamnih mesa, jelima od divlja\u010di, zrelim aromati\u010dnim sirevima.<\/p>\n","protected":false},"excerpt":{"rendered":"<p>Vino proizvedeno iz vlastitog vinograda<br \/>\nSadr\u017ei 12 % alkohola<br \/>\nRok trajanja u danima: neograni\u010den<\/p>\n","protected":false},"featured_media":46710,"template":"","meta":{"_seopress_robots_primary_cat":"","_seopress_titles_title":"","_seopress_titles_desc":"","_seopress_robots_index":"","iawp_total_views":0},"product_brand":[478],"product_cat":[298,261],"product_tag":[],"class_list":{"0":"post-46709","1":"product","2":"type-product","3":"status-publish","4":"has-post-thumbnail","6":"product_brand-erdut","7":"product_cat-alkoholna-pica-261","8":"product_cat-hrana-i-pice","10":"first","11":"instock","12":"shipping-taxable","13":"purchasable","14":"product-type-simple"},"_links":{"self":[{"href":"https:\/\/singuli.wpress.me\/index.php\/wp-json\/wp\/v2\/product\/46709","targetHints":{"allow":["GET"]}}],"collection":[{"href":"https:\/\/singuli.wpress.me\/index.php\/wp-json\/wp\/v2\/product"}],"about":[{"href":"https:\/\/singuli.wpress.me\/index.php\/wp-json\/wp\/v2\/types\/product"}],"version-history":[{"count":0,"href":"https:\/\/singuli.wpress.me\/index.php\/wp-json\/wp\/v2\/product\/46709\/revisions"}],"wp:featuredmedia":[{"embeddable":true,"href":"https:\/\/singuli.wpress.me\/index.php\/wp-json\/wp\/v2\/media\/46710"}],"wp:attachment":[{"href":"https:\/\/singuli.wpress.me\/index.php\/wp-json\/wp\/v2\/media?parent=46709"}],"wp:term":[{"taxonomy":"product_brand","embeddable":true,"href":"https:\/\/singuli.wpress.me\/index.php\/wp-json\/wp\/v2\/product_brand?post=46709"},{"taxonomy":"product_cat","embeddable":true,"href":"https:\/\/singuli.wpress.me\/index.php\/wp-json\/wp\/v2\/product_cat?post=46709"},{"taxonomy":"product_tag","embeddable":true,"href":"https:\/\/singuli.wpress.me\/index.php\/wp-json\/wp\/v2\/product_tag?post=46709"}],"curies":[{"name":"wp","href":"https:\/\/api.w.org\/{rel}","templated":true}]}}