{"id":46719,"date":"2026-04-21T00:35:12","date_gmt":"2026-04-21T00:35:12","guid":{"rendered":"https:\/\/singuli.wpress.me\/index.php\/proizvod\/dr-oetker-super-kasa-brusnica-i-chia\/"},"modified":"2026-04-21T00:35:12","modified_gmt":"2026-04-21T00:35:12","slug":"dr-oetker-super-kasa-brusnica-i-chia","status":"publish","type":"product","link":"https:\/\/singuli.wpress.me\/index.php\/proizvod\/dr-oetker-super-kasa-brusnica-i-chia\/","title":{"rendered":"DR. OETKER, super ka\u0161a, brusnica i chia"},"content":{"rendered":"<p>Omiljeni okus \u0161umskog vo\u0107a odsad i u kombinaciji s ukusnom zobenom ka\u0161om. Sadr\u017ei idealan omjer zobi \u2013 \u010dak 58%! Kremaste teksuture, s dodatkom malina i borovnica. Vo\u0107e je osu\u0161eno procesom brzog smrzavanja \u2013 za velike i so\u010dne komade vo\u0107a u gotovoj ka\u0161i. Ukusna i nutritivno bogata, zobena ka\u0161a sa \u0161umskim vo\u0107em idealan je brzi obrok. Fina Super ka\u0161a spremna je za svega nekoliko minuta. Sadr\u017ei i chia sjemenke. Dr. Oetker Super ka\u0161a &#8211; brz, jednostavan, a istovremeno nutritivno izbalansirani obrok koji vam daje energiju. Neovisno o ubrzanom \u017eivotu, priu\u0161tite si nekoliko minuta za cjelovit obrok koji \u0107e vam pru\u017eiti osje\u0107aj sitosti, potrebne hranjive sastojke i energiju, za doru\u010dak ili izme\u0111u drugih obroka. Ukusna zobena ka\u0161a uz dodatak chia sjemenki poslastica je u kojoj mo\u017eete u\u017eivati bez gri\u017enje savjesti.<\/p>\n","protected":false},"excerpt":{"rendered":"<p>Idealan brzi obrok<br \/>\nSpremna za svega nekoliko minuta<br \/>\nPoslastica u kojoj mo\u017eete u\u017eivati bez gri\u017enje savjesti<\/p>\n","protected":false},"featured_media":46720,"template":"","meta":{"_seopress_robots_primary_cat":"","_seopress_titles_title":"","_seopress_titles_desc":"","_seopress_robots_index":"","iawp_total_views":0},"product_brand":[328],"product_cat":[261,307],"product_tag":[],"class_list":{"0":"post-46719","1":"product","2":"type-product","3":"status-publish","4":"has-post-thumbnail","6":"product_brand-dr-oetker","7":"product_cat-hrana-i-pice","8":"product_cat-zitarice-i-dorucak-261","10":"first","11":"outofstock","12":"shipping-taxable","13":"purchasable","14":"product-type-simple"},"_links":{"self":[{"href":"https:\/\/singuli.wpress.me\/index.php\/wp-json\/wp\/v2\/product\/46719","targetHints":{"allow":["GET"]}}],"collection":[{"href":"https:\/\/singuli.wpress.me\/index.php\/wp-json\/wp\/v2\/product"}],"about":[{"href":"https:\/\/singuli.wpress.me\/index.php\/wp-json\/wp\/v2\/types\/product"}],"version-history":[{"count":0,"href":"https:\/\/singuli.wpress.me\/index.php\/wp-json\/wp\/v2\/product\/46719\/revisions"}],"wp:featuredmedia":[{"embeddable":true,"href":"https:\/\/singuli.wpress.me\/index.php\/wp-json\/wp\/v2\/media\/46720"}],"wp:attachment":[{"href":"https:\/\/singuli.wpress.me\/index.php\/wp-json\/wp\/v2\/media?parent=46719"}],"wp:term":[{"taxonomy":"product_brand","embeddable":true,"href":"https:\/\/singuli.wpress.me\/index.php\/wp-json\/wp\/v2\/product_brand?post=46719"},{"taxonomy":"product_cat","embeddable":true,"href":"https:\/\/singuli.wpress.me\/index.php\/wp-json\/wp\/v2\/product_cat?post=46719"},{"taxonomy":"product_tag","embeddable":true,"href":"https:\/\/singuli.wpress.me\/index.php\/wp-json\/wp\/v2\/product_tag?post=46719"}],"curies":[{"name":"wp","href":"https:\/\/api.w.org\/{rel}","templated":true}]}}