{"id":46728,"date":"2026-04-21T00:35:15","date_gmt":"2026-04-21T00:35:15","guid":{"rendered":"https:\/\/singuli.wpress.me\/index.php\/proizvod\/gillette-king-c-gillette-poklon-paket-mens-perfect\/"},"modified":"2026-04-21T00:35:15","modified_gmt":"2026-04-21T00:35:15","slug":"gillette-king-c-gillette-poklon-paket-mens-perfect","status":"publish","type":"product","link":"https:\/\/singuli.wpress.me\/index.php\/proizvod\/gillette-king-c-gillette-poklon-paket-mens-perfect\/","title":{"rendered":"GILLETTE King C. Gillette, poklon paket, Men&#8217;s Perfect"},"content":{"rendered":"<p>Poklon paket Perfect Ritual Kit savr\u0161en je izbor za one koji njegu ko\u017ee i brade \u017eele podi\u0107i na vi\u0161u razinu. <span style=\"font-weight: bold\">Sadr\u017ei umivalicu i balzam.<\/span> Umivalica 3-u-1 za bradu, lice i kosu King C. Gillette i hidratantni balzam za lice i kratku bradu King C. Gillette zajedno stvaraju savr\u0161en ritual dubinskog \u010di\u0161\u0107enja i hidratacije za umirivanje ko\u017ee i smanjenje znakova suho\u0107e i iritacije ko\u017ee. Savr\u0161eno za kratku i dugu bradu, u darovnoj torbici, Osmi\u0161ljeni da njeguju ko\u017eu i bradu poput profesionalca.<\/p>\n","protected":false},"excerpt":{"rendered":"<p>King C. Gillette Perfect darovna torbica Ritual Kit za savr\u0161en ritual dubinskog \u010di\u0161\u0107enja i hidratacije<br \/>\nSavr\u0161eno i za duge i za kratke brade<br \/>\nSadr\u017ei hidratantnu kremu za lice i kratku bradu King C. Gillette umivalicu 3-u-1 za pranje brade, kose i lica kao i hidratantni losion za lice i kratku bradu King C. Gillette<\/p>\n","protected":false},"featured_media":46729,"template":"","meta":{"_seopress_robots_primary_cat":"","_seopress_titles_title":"","_seopress_titles_desc":"","_seopress_robots_index":"","iawp_total_views":0},"product_brand":[323],"product_cat":[261,277],"product_tag":[],"class_list":{"0":"post-46728","1":"product","2":"type-product","3":"status-publish","4":"has-post-thumbnail","6":"product_brand-gillette","7":"product_cat-hrana-i-pice","8":"product_cat-slatkisi-i-grickalice-261","10":"first","11":"outofstock","12":"shipping-taxable","13":"purchasable","14":"product-type-simple"},"_links":{"self":[{"href":"https:\/\/singuli.wpress.me\/index.php\/wp-json\/wp\/v2\/product\/46728","targetHints":{"allow":["GET"]}}],"collection":[{"href":"https:\/\/singuli.wpress.me\/index.php\/wp-json\/wp\/v2\/product"}],"about":[{"href":"https:\/\/singuli.wpress.me\/index.php\/wp-json\/wp\/v2\/types\/product"}],"version-history":[{"count":0,"href":"https:\/\/singuli.wpress.me\/index.php\/wp-json\/wp\/v2\/product\/46728\/revisions"}],"wp:featuredmedia":[{"embeddable":true,"href":"https:\/\/singuli.wpress.me\/index.php\/wp-json\/wp\/v2\/media\/46729"}],"wp:attachment":[{"href":"https:\/\/singuli.wpress.me\/index.php\/wp-json\/wp\/v2\/media?parent=46728"}],"wp:term":[{"taxonomy":"product_brand","embeddable":true,"href":"https:\/\/singuli.wpress.me\/index.php\/wp-json\/wp\/v2\/product_brand?post=46728"},{"taxonomy":"product_cat","embeddable":true,"href":"https:\/\/singuli.wpress.me\/index.php\/wp-json\/wp\/v2\/product_cat?post=46728"},{"taxonomy":"product_tag","embeddable":true,"href":"https:\/\/singuli.wpress.me\/index.php\/wp-json\/wp\/v2\/product_tag?post=46728"}],"curies":[{"name":"wp","href":"https:\/\/api.w.org\/{rel}","templated":true}]}}